{"id":1357,"date":"2017-02-27T13:14:05","date_gmt":"2017-02-27T13:14:05","guid":{"rendered":"https:\/\/www.bikehome.com\/?post_type=product&#038;p=1357"},"modified":"2026-03-15T08:11:05","modified_gmt":"2026-03-15T08:11:05","slug":"bikehome-ersatzplane-dunkelgrau","status":"publish","type":"product","link":"https:\/\/www.bikehome.com\/en\/produkte\/bikehome-ersatzplane-dunkelgrau\/","title":{"rendered":"BIKEHOME Ersatzplane | dunkelgrau"},"content":{"rendered":"<p>Ersatzplane f\u00fcr BIKEHOME Motorrad Faltgarage<\/p>\n<p>Farbe: dunkelgrau<br \/>\nGew\u00e4hrleistung: 3 Jahre<\/p>\n<p><strong><u>Hinweis:<\/u><\/strong><\/p>\n<p>Das Material hat eine etwas gl\u00e4nzende Oberfl\u00e4che. Hierdurch k\u00f6nnen am Anfang Falten sichtbar sein, die aber nach wenigen Tagen in der Sonne kaum noch sichtbar sind.<\/p>","protected":false},"excerpt":{"rendered":"<p><span style=\"color: #333333;\">plastic-coated fabric<\/span><br \/>\n<i class=\"wp-svg-checkmark checkmark\"><\/i> <span style=\"color: #333333;\">waterproof<\/span><br \/>\n<i class=\"wp-svg-checkmark checkmark\"><\/i> <span style=\"color: #333333;\">tear-resistant<\/span><br \/>\n<i class=\"wp-svg-checkmark checkmark\"><\/i> <span style=\"color: #333333;\">UV-stabilised<\/span><br \/>\n<i class=\"wp-svg-checkmark checkmark\"><\/i> <span style=\"color: #333333;\">frost and weather resistant<\/span><br \/>\n<i class=\"wp-svg-checkmark checkmark\"><\/i> <span style=\"color: #333333;\">hand washable with water<\/span><\/p>","protected":false},"featured_media":1779,"template":"","meta":{"site-sidebar-layout":"default","site-content-layout":"default","ast-site-content-layout":"default","site-content-style":"default","site-sidebar-style":"default","ast-global-header-display":"","ast-banner-title-visibility":"","ast-main-header-display":"","ast-hfb-above-header-display":"","ast-hfb-below-header-display":"","ast-hfb-mobile-header-display":"","site-post-title":"","ast-breadcrumbs-content":"","ast-featured-img":"","footer-sml-layout":"","ast-disable-related-posts":"","theme-transparent-header-meta":"default","adv-header-id-meta":"","stick-header-meta":"","header-above-stick-meta":"","header-main-stick-meta":"","header-below-stick-meta":"","astra-migrate-meta-layouts":"set","ast-page-background-enabled":"default","ast-page-background-meta":{"desktop":{"background-color":"","background-image":"","background-repeat":"repeat","background-position":"center center","background-size":"auto","background-attachment":"scroll","background-type":"","background-media":"","overlay-type":"","overlay-color":"","overlay-opacity":"","overlay-gradient":""},"tablet":{"background-color":"","background-image":"","background-repeat":"repeat","background-position":"center center","background-size":"auto","background-attachment":"scroll","background-type":"","background-media":"","overlay-type":"","overlay-color":"","overlay-opacity":"","overlay-gradient":""},"mobile":{"background-color":"","background-image":"","background-repeat":"repeat","background-position":"center center","background-size":"auto","background-attachment":"scroll","background-type":"","background-media":"","overlay-type":"","overlay-color":"","overlay-opacity":"","overlay-gradient":""}},"ast-content-background-meta":{"desktop":{"background-color":"var(--ast-global-color-5)","background-image":"","background-repeat":"repeat","background-position":"center center","background-size":"auto","background-attachment":"scroll","background-type":"","background-media":"","overlay-type":"","overlay-color":"","overlay-opacity":"","overlay-gradient":""},"tablet":{"background-color":"var(--ast-global-color-5)","background-image":"","background-repeat":"repeat","background-position":"center center","background-size":"auto","background-attachment":"scroll","background-type":"","background-media":"","overlay-type":"","overlay-color":"","overlay-opacity":"","overlay-gradient":""},"mobile":{"background-color":"var(--ast-global-color-5)","background-image":"","background-repeat":"repeat","background-position":"center center","background-size":"auto","background-attachment":"scroll","background-type":"","background-media":"","overlay-type":"","overlay-color":"","overlay-opacity":"","overlay-gradient":""}}},"product_brand":[],"product_cat":[31],"product_tag":[],"class_list":{"0":"post-1357","1":"product","2":"type-product","3":"status-publish","4":"has-post-thumbnail","6":"product_cat-ersatzplanen","7":"product_shipping_class-ersatzplane-de","8":"desktop-align-left","9":"tablet-align-left","10":"mobile-align-left","12":"first","13":"instock","14":"sale","15":"taxable","16":"shipping-taxable","17":"purchasable","18":"product-type-simple"},"yoast_head":"<!-- This site is optimized with the Yoast SEO plugin v27.1.1 - https:\/\/yoast.com\/product\/yoast-seo-wordpress\/ -->\n<title>BIKEHOME Ersatzplane | dunkelgrau<\/title>\n<meta name=\"robots\" content=\"index, follow, max-snippet:-1, max-image-preview:large, max-video-preview:-1\" \/>\n<link rel=\"canonical\" href=\"https:\/\/www.bikehome.com\/en\/produkte\/bikehome-ersatzplane-dunkelgrau\/\" \/>\n<meta property=\"og:locale\" content=\"en_GB\" \/>\n<meta property=\"og:type\" content=\"article\" \/>\n<meta property=\"og:title\" content=\"BIKEHOME Ersatzplane | dunkelgrau\" \/>\n<meta property=\"og:description\" content=\"kunststoffbeschichtetes Gewebe  wasserdicht  rei\u00dffest  UV-stabilisiert  frost- und wetterbest\u00e4ndig  handwaschbar mit Wasser\" \/>\n<meta property=\"og:url\" content=\"https:\/\/www.bikehome.com\/en\/produkte\/bikehome-ersatzplane-dunkelgrau\/\" \/>\n<meta property=\"og:site_name\" content=\"Motorrad Faltgarage - Made in Germany | BIKEHOME\" \/>\n<meta property=\"article:modified_time\" content=\"2026-03-15T08:11:05+00:00\" \/>\n<meta property=\"og:image\" content=\"https:\/\/www.bikehome.com\/wp-content\/uploads\/2017\/02\/BIKEHOME_EP_dunkelgrau.png\" \/>\n\t<meta property=\"og:image:width\" content=\"532\" \/>\n\t<meta property=\"og:image:height\" content=\"399\" \/>\n\t<meta property=\"og:image:type\" content=\"image\/png\" \/>\n<meta name=\"twitter:card\" content=\"summary_large_image\" \/>\n<meta name=\"twitter:label1\" content=\"Estimated reading time\" \/>\n\t<meta name=\"twitter:data1\" content=\"1 minute\" \/>\n<script type=\"application\/ld+json\" class=\"yoast-schema-graph\">{\"@context\":\"https:\/\/schema.org\",\"@graph\":[{\"@type\":\"WebPage\",\"@id\":\"https:\/\/www.bikehome.com\/produkte\/bikehome-ersatzplane-dunkelgrau\/\",\"url\":\"https:\/\/www.bikehome.com\/produkte\/bikehome-ersatzplane-dunkelgrau\/\",\"name\":\"BIKEHOME Ersatzplane | dunkelgrau\",\"isPartOf\":{\"@id\":\"https:\/\/www.bikehome.com\/#website\"},\"primaryImageOfPage\":{\"@id\":\"https:\/\/www.bikehome.com\/produkte\/bikehome-ersatzplane-dunkelgrau\/#primaryimage\"},\"image\":{\"@id\":\"https:\/\/www.bikehome.com\/produkte\/bikehome-ersatzplane-dunkelgrau\/#primaryimage\"},\"thumbnailUrl\":\"https:\/\/www.bikehome.com\/wp-content\/uploads\/2017\/02\/BIKEHOME_EP_dunkelgrau.png\",\"datePublished\":\"2017-02-27T13:14:05+00:00\",\"dateModified\":\"2026-03-15T08:11:05+00:00\",\"breadcrumb\":{\"@id\":\"https:\/\/www.bikehome.com\/produkte\/bikehome-ersatzplane-dunkelgrau\/#breadcrumb\"},\"inLanguage\":\"en-GB\",\"potentialAction\":[{\"@type\":\"ReadAction\",\"target\":[\"https:\/\/www.bikehome.com\/produkte\/bikehome-ersatzplane-dunkelgrau\/\"]}]},{\"@type\":\"ImageObject\",\"inLanguage\":\"en-GB\",\"@id\":\"https:\/\/www.bikehome.com\/produkte\/bikehome-ersatzplane-dunkelgrau\/#primaryimage\",\"url\":\"https:\/\/www.bikehome.com\/wp-content\/uploads\/2017\/02\/BIKEHOME_EP_dunkelgrau.png\",\"contentUrl\":\"https:\/\/www.bikehome.com\/wp-content\/uploads\/2017\/02\/BIKEHOME_EP_dunkelgrau.png\",\"width\":532,\"height\":399},{\"@type\":\"BreadcrumbList\",\"@id\":\"https:\/\/www.bikehome.com\/produkte\/bikehome-ersatzplane-dunkelgrau\/#breadcrumb\",\"itemListElement\":[{\"@type\":\"ListItem\",\"position\":1,\"name\":\"Startseite\",\"item\":\"https:\/\/www.bikehome.com\/\"},{\"@type\":\"ListItem\",\"position\":2,\"name\":\"Produkte\",\"item\":\"https:\/\/www.bikehome.com\/produkte\/\"},{\"@type\":\"ListItem\",\"position\":3,\"name\":\"BIKEHOME Ersatzplane | dunkelgrau\"}]},{\"@type\":\"WebSite\",\"@id\":\"https:\/\/www.bikehome.com\/#website\",\"url\":\"https:\/\/www.bikehome.com\/\",\"name\":\"Motorrad Faltgarage - Made in Germany | BIKEHOME\",\"description\":\"\",\"publisher\":{\"@id\":\"https:\/\/www.bikehome.com\/#organization\"},\"potentialAction\":[{\"@type\":\"SearchAction\",\"target\":{\"@type\":\"EntryPoint\",\"urlTemplate\":\"https:\/\/www.bikehome.com\/?s={search_term_string}\"},\"query-input\":{\"@type\":\"PropertyValueSpecification\",\"valueRequired\":true,\"valueName\":\"search_term_string\"}}],\"inLanguage\":\"en-GB\"},{\"@type\":\"Organization\",\"@id\":\"https:\/\/www.bikehome.com\/#organization\",\"name\":\"Motorrad Faltgarage - Made in Germany | BIKEHOME\",\"url\":\"https:\/\/www.bikehome.com\/\",\"logo\":{\"@type\":\"ImageObject\",\"inLanguage\":\"en-GB\",\"@id\":\"https:\/\/www.bikehome.com\/#\/schema\/logo\/image\/\",\"url\":\"https:\/\/www.bikehome.com\/wp-content\/uploads\/2017\/12\/cropped-BIKEHOME-Logo.png\",\"contentUrl\":\"https:\/\/www.bikehome.com\/wp-content\/uploads\/2017\/12\/cropped-BIKEHOME-Logo.png\",\"width\":291,\"height\":53,\"caption\":\"Motorrad Faltgarage - Made in Germany | BIKEHOME\"},\"image\":{\"@id\":\"https:\/\/www.bikehome.com\/#\/schema\/logo\/image\/\"}}]}<\/script>\n<!-- \/ Yoast SEO plugin. -->","yoast_head_json":{"title":"BIKEHOME Ersatzplane | dunkelgrau","robots":{"index":"index","follow":"follow","max-snippet":"max-snippet:-1","max-image-preview":"max-image-preview:large","max-video-preview":"max-video-preview:-1"},"canonical":"https:\/\/www.bikehome.com\/en\/produkte\/bikehome-ersatzplane-dunkelgrau\/","og_locale":"en_GB","og_type":"article","og_title":"BIKEHOME Ersatzplane | dunkelgrau","og_description":"kunststoffbeschichtetes Gewebe  wasserdicht  rei\u00dffest  UV-stabilisiert  frost- und wetterbest\u00e4ndig  handwaschbar mit Wasser","og_url":"https:\/\/www.bikehome.com\/en\/produkte\/bikehome-ersatzplane-dunkelgrau\/","og_site_name":"Motorrad Faltgarage - Made in Germany | BIKEHOME","article_modified_time":"2026-03-15T08:11:05+00:00","og_image":[{"width":532,"height":399,"url":"https:\/\/www.bikehome.com\/wp-content\/uploads\/2017\/02\/BIKEHOME_EP_dunkelgrau.png","type":"image\/png"}],"twitter_card":"summary_large_image","twitter_misc":{"Estimated reading time":"1 minute"},"schema":{"@context":"https:\/\/schema.org","@graph":[{"@type":"WebPage","@id":"https:\/\/www.bikehome.com\/produkte\/bikehome-ersatzplane-dunkelgrau\/","url":"https:\/\/www.bikehome.com\/produkte\/bikehome-ersatzplane-dunkelgrau\/","name":"BIKEHOME Ersatzplane | dunkelgrau","isPartOf":{"@id":"https:\/\/www.bikehome.com\/#website"},"primaryImageOfPage":{"@id":"https:\/\/www.bikehome.com\/produkte\/bikehome-ersatzplane-dunkelgrau\/#primaryimage"},"image":{"@id":"https:\/\/www.bikehome.com\/produkte\/bikehome-ersatzplane-dunkelgrau\/#primaryimage"},"thumbnailUrl":"https:\/\/www.bikehome.com\/wp-content\/uploads\/2017\/02\/BIKEHOME_EP_dunkelgrau.png","datePublished":"2017-02-27T13:14:05+00:00","dateModified":"2026-03-15T08:11:05+00:00","breadcrumb":{"@id":"https:\/\/www.bikehome.com\/produkte\/bikehome-ersatzplane-dunkelgrau\/#breadcrumb"},"inLanguage":"en-GB","potentialAction":[{"@type":"ReadAction","target":["https:\/\/www.bikehome.com\/produkte\/bikehome-ersatzplane-dunkelgrau\/"]}]},{"@type":"ImageObject","inLanguage":"en-GB","@id":"https:\/\/www.bikehome.com\/produkte\/bikehome-ersatzplane-dunkelgrau\/#primaryimage","url":"https:\/\/www.bikehome.com\/wp-content\/uploads\/2017\/02\/BIKEHOME_EP_dunkelgrau.png","contentUrl":"https:\/\/www.bikehome.com\/wp-content\/uploads\/2017\/02\/BIKEHOME_EP_dunkelgrau.png","width":532,"height":399},{"@type":"BreadcrumbList","@id":"https:\/\/www.bikehome.com\/produkte\/bikehome-ersatzplane-dunkelgrau\/#breadcrumb","itemListElement":[{"@type":"ListItem","position":1,"name":"Startseite","item":"https:\/\/www.bikehome.com\/"},{"@type":"ListItem","position":2,"name":"Produkte","item":"https:\/\/www.bikehome.com\/produkte\/"},{"@type":"ListItem","position":3,"name":"BIKEHOME Ersatzplane | dunkelgrau"}]},{"@type":"WebSite","@id":"https:\/\/www.bikehome.com\/#website","url":"https:\/\/www.bikehome.com\/","name":"Motorrad Faltgarage - Made in Germany | BIKEHOME","description":"","publisher":{"@id":"https:\/\/www.bikehome.com\/#organization"},"potentialAction":[{"@type":"SearchAction","target":{"@type":"EntryPoint","urlTemplate":"https:\/\/www.bikehome.com\/?s={search_term_string}"},"query-input":{"@type":"PropertyValueSpecification","valueRequired":true,"valueName":"search_term_string"}}],"inLanguage":"en-GB"},{"@type":"Organization","@id":"https:\/\/www.bikehome.com\/#organization","name":"Motorrad Faltgarage - Made in Germany | BIKEHOME","url":"https:\/\/www.bikehome.com\/","logo":{"@type":"ImageObject","inLanguage":"en-GB","@id":"https:\/\/www.bikehome.com\/#\/schema\/logo\/image\/","url":"https:\/\/www.bikehome.com\/wp-content\/uploads\/2017\/12\/cropped-BIKEHOME-Logo.png","contentUrl":"https:\/\/www.bikehome.com\/wp-content\/uploads\/2017\/12\/cropped-BIKEHOME-Logo.png","width":291,"height":53,"caption":"Motorrad Faltgarage - Made in Germany | BIKEHOME"},"image":{"@id":"https:\/\/www.bikehome.com\/#\/schema\/logo\/image\/"}}]}},"_links":{"self":[{"href":"https:\/\/www.bikehome.com\/en\/wp-json\/wp\/v2\/product\/1357","targetHints":{"allow":["GET"]}}],"collection":[{"href":"https:\/\/www.bikehome.com\/en\/wp-json\/wp\/v2\/product"}],"about":[{"href":"https:\/\/www.bikehome.com\/en\/wp-json\/wp\/v2\/types\/product"}],"version-history":[{"count":2,"href":"https:\/\/www.bikehome.com\/en\/wp-json\/wp\/v2\/product\/1357\/revisions"}],"predecessor-version":[{"id":8298,"href":"https:\/\/www.bikehome.com\/en\/wp-json\/wp\/v2\/product\/1357\/revisions\/8298"}],"wp:featuredmedia":[{"embeddable":true,"href":"https:\/\/www.bikehome.com\/en\/wp-json\/wp\/v2\/media\/1779"}],"wp:attachment":[{"href":"https:\/\/www.bikehome.com\/en\/wp-json\/wp\/v2\/media?parent=1357"}],"wp:term":[{"taxonomy":"product_brand","embeddable":true,"href":"https:\/\/www.bikehome.com\/en\/wp-json\/wp\/v2\/product_brand?post=1357"},{"taxonomy":"product_cat","embeddable":true,"href":"https:\/\/www.bikehome.com\/en\/wp-json\/wp\/v2\/product_cat?post=1357"},{"taxonomy":"product_tag","embeddable":true,"href":"https:\/\/www.bikehome.com\/en\/wp-json\/wp\/v2\/product_tag?post=1357"}],"curies":[{"name":"wp","href":"https:\/\/api.w.org\/{rel}","templated":true}]}}