{"id":62,"date":"2015-02-07T08:24:45","date_gmt":"2015-02-07T08:24:45","guid":{"rendered":"http:\/\/bikehome.com\/?page_id=62"},"modified":"2025-11-11T09:49:00","modified_gmt":"2025-11-11T09:49:00","slug":"agb","status":"publish","type":"page","link":"https:\/\/www.bikehome.com\/en\/agb\/","title":{"rendered":"Terms and Conditions"},"content":{"rendered":"<div data-elementor-type=\"wp-page\" data-elementor-id=\"62\" class=\"elementor elementor-62\">\n\t\t\t\t\t\t<section class=\"elementor-section elementor-top-section elementor-element elementor-element-73451892 elementor-section-boxed elementor-section-height-default elementor-section-height-default\" data-id=\"73451892\" data-element_type=\"section\" data-e-type=\"section\">\n\t\t\t\t\t\t<div class=\"elementor-container elementor-column-gap-default\">\n\t\t\t\t\t<div class=\"elementor-column elementor-col-100 elementor-top-column elementor-element elementor-element-62693c99\" data-id=\"62693c99\" data-element_type=\"column\" data-e-type=\"column\">\n\t\t\t<div class=\"elementor-widget-wrap elementor-element-populated\">\n\t\t\t\t\t\t<div class=\"elementor-element elementor-element-8ea6786 elementor-widget elementor-widget-spacer\" data-id=\"8ea6786\" data-element_type=\"widget\" data-e-type=\"widget\" data-widget_type=\"spacer.default\">\n\t\t\t\t<div class=\"elementor-widget-container\">\n\t\t\t\t\t\t\t<div class=\"elementor-spacer\">\n\t\t\t<div class=\"elementor-spacer-inner\"><\/div>\n\t\t<\/div>\n\t\t\t\t\t\t<\/div>\n\t\t\t\t<\/div>\n\t\t\t\t<div class=\"elementor-element elementor-element-4ff1a713 elementor-widget elementor-widget-text-editor\" data-id=\"4ff1a713\" data-element_type=\"widget\" data-e-type=\"widget\" data-widget_type=\"text-editor.default\">\n\t\t\t\t<div class=\"elementor-widget-container\">\n\t\t\t\t\t\t\t\t\t<h1>Terms and Conditions<\/h1><h2><span style=\"color: #a91919;\">\u00a7 1. Signatory<\/span><\/h2><p><span style=\"color: #333333;\">We can be contacted at the following address: <\/span><\/p><p><span style=\"color: #333333;\">BIKEHOME e.K.<\/span><br \/><span style=\"color: #333333;\">Nackter Weg 10 c<\/span><br \/><span style=\"color: #333333;\">67311 Tiefenthal<\/span><br \/><span style=\"color: #333333;\">Germany<br \/><\/span><\/p><p><span style=\"color: #333333;\">Tel: 0176 20489958<\/span><br \/><span style=\"color: #333333;\">e-mail: kontakt@bikehome.com<\/span><br \/><span style=\"color: #333333;\">www.bikehome.com <\/span><\/p><p><span style=\"color: #333333;\">Owner: Stefan Lang<\/span><br \/><span style=\"color: #333333;\">Handelsregister-Nr.: HRA 61432, Amtsgericht Ludwigshafen<\/span><br \/><span style=\"color: #333333;\">USt-IdNr: DE2710080951<\/span><\/p><h2><span style=\"color: #a91919;\">\u00a7 2. Area of Applicability <\/span><\/h2><p><span style=\"color: #333333;\">These terms and conditions are applicable to all sales and contracts for only the materials listed on this website and beginning at the time of purchase. Any contradictions to these terms and conditions brought forward by the customer will be denied unless otherwise alternative arrangements can be proven from written documentation from both parties. Customers who choose to accept our service(s) or order our product(s) agree to our terms and conditions; acceptance of our terms and conditions is a condition of purchase. The same adherence applies to those who enter nonstandard written agreements. By clicking on \u201cbuy now\u201d, you agree to our terms and conditions. An order confirmation will be sent after placing your order, forming the contract of purchase.<br \/><\/span><\/p><h2><span style=\"color: #a91919;\">\u00a7 3. Quality Warranty <\/span><\/h2><p><span style=\"color: #333333;\">We offer a five year quality warranty, starting on the date of purchase. We cannot be held liable in cases of vandalism or irregular handling and care. <\/span><\/p><h2><span style=\"color: #a91919;\">\u00a7 4. General Shipping Policy<\/span><\/h2><p><span style=\"color: #333333;\">Unless otherwise specified, shipments will be delivered from the warehouse to the address provided by the customer at the time of purchase. The delivered product remains the property of BIKEHOME until paid in full, regardless of if the time for right of withdrawal has expired or not. <\/span><\/p><h2><span style=\"color: #a91919;\">\u00a7 5. Right of Withdrawal <\/span><\/h2><p><span style=\"color: #333333;\">It is possible to return the product within two weeks after receipt of the product. If returned within two weeks the customer is no longer responsible for payment. The product(s) can be returned without stating a reason during this two week period and must be accompanied with written (for example via letter, fax or another data form) communication, returned via registered mail with proof of mailing. The deadline begins on the date of purchase. In the case of revocation we will return all payments and the buyer is obligated to send back already supplied goods if this was not yet settled in connection with the revocation letter. Shipping costs (transport and packaging) as well as other costs associated with the return of the product are the responsibility of the buyer. A return can only happen if the unused product is returned in the original packaging. After the product has been fully assembled it is not possible to return.<br \/><\/span><\/p><h2><span style=\"color: #a91919;\">\u00a7 6. Payment <\/span><\/h2><p><span style=\"color: #333333;\">If the product is ordered with advance payment, we will ship the product as soon as the payment has been credited to our account. The payment should be sent two weeks at the latest after the date on the receipt. If the product is ordered via PayPal it will be sent immediately after the receipt of payment on our account.<\/span><\/p><h2><span style=\"color: #a91919;\">\u00a7 7. Ownership <\/span><\/h2><p><span style=\"color: #333333;\">The product delivered from us remains the property of BIKEHOME until the customer has paid in full. <\/span><\/p><h2><span style=\"color: #a91919;\">\u00a7 8. Customer Responsibility for the Selected Orders <\/span><\/h2><p><span style=\"color: #333333;\">The customer is obligated to double check all information before sending their order. We are not responsible for orders containing errors. In particular the customer should pay attention to their payment option and the number of product(s) to be ordered. <\/span><\/p><h2><span style=\"color: #a91919;\">\u00a7 9. Data Protection <\/span><\/h2><p><span style=\"color: #333333;\">We follow all legally-required forms of data security and protection. The only personal data which will be collected is that which is required to successfully carry out an order. The customer agrees upon purchase that this data will be used and saved by BIKEHOME. No personal data will be transferred to third parties. A transfer of data to a third party is only possible with explicit customer approval.<\/span><\/p><h2><span style=\"color: #a91919;\">\u00a7 10. Applicable Law and Place of Jurisdiction <\/span><\/h2><p><span style=\"color: #333333;\">The contract language is German. German law is exclusively valid, excluding UN commercial sales laws. The place of jurisdiction is Gr\u00fcnstadt. <\/span><\/p><h2><span style=\"color: #a91919;\">\u00a7 11. Ambiguity Rule <\/span><\/h2><p><span style=\"color: #333333;\">If individual provisions of these contractual conditions should be invalid, the remaining provisions are not affected.<\/span><\/p>\t\t\t\t\t\t\t\t<\/div>\n\t\t\t\t<\/div>\n\t\t\t\t\t<\/div>\n\t\t<\/div>\n\t\t\t\t\t<\/div>\n\t\t<\/section>\n\t\t\t\t<\/div>","protected":false},"excerpt":{"rendered":"<p>Allgemeine Gesch\u00e4ftsbedingungen \u00a7 1. Vertragspartner Sie erreichen uns unter folgender Adresse: BIKEHOME e.K.Nackter Weg 10 c67311 TiefenthalDeutschland Tel: 0176 20489958E-Mail: kontakt@bikehome.comwww.bikehome.com Inhaber: Stefan LangHandelsregister-Nr.: HRA 61432, Amtsgericht LudwigshafenUSt-IdNr: DE2710080951 \u00a7 2. Geltungsbereich Diese nachfolgenden Allgemeinen Gesch\u00e4ftsbedingungen gelten f\u00fcr unsere Vertr\u00e4ge im Bereich der Webseite angebotenen Waren ausschlie\u00dflich und zum Zeitpunkt ihrer Bestellung. Entgegenstehenden oder von [&hellip;]<\/p>\n","protected":false},"author":1,"featured_media":0,"parent":0,"menu_order":0,"comment_status":"closed","ping_status":"open","template":"","meta":{"site-sidebar-layout":"default","site-content-layout":"default","ast-site-content-layout":"default","site-content-style":"default","site-sidebar-style":"default","ast-global-header-display":"","ast-banner-title-visibility":"","ast-main-header-display":"","ast-hfb-above-header-display":"","ast-hfb-below-header-display":"","ast-hfb-mobile-header-display":"","site-post-title":"disabled","ast-breadcrumbs-content":"","ast-featured-img":"","footer-sml-layout":"","ast-disable-related-posts":"","theme-transparent-header-meta":"","adv-header-id-meta":"","stick-header-meta":"","header-above-stick-meta":"","header-main-stick-meta":"","header-below-stick-meta":"","astra-migrate-meta-layouts":"default","ast-page-background-enabled":"default","ast-page-background-meta":{"desktop":{"background-color":"","background-image":"","background-repeat":"repeat","background-position":"center center","background-size":"auto","background-attachment":"scroll","background-type":"","background-media":"","overlay-type":"","overlay-color":"","overlay-opacity":"","overlay-gradient":""},"tablet":{"background-color":"","background-image":"","background-repeat":"repeat","background-position":"center center","background-size":"auto","background-attachment":"scroll","background-type":"","background-media":"","overlay-type":"","overlay-color":"","overlay-opacity":"","overlay-gradient":""},"mobile":{"background-color":"","background-image":"","background-repeat":"repeat","background-position":"center center","background-size":"auto","background-attachment":"scroll","background-type":"","background-media":"","overlay-type":"","overlay-color":"","overlay-opacity":"","overlay-gradient":""}},"ast-content-background-meta":{"desktop":{"background-color":"var(--ast-global-color-5)","background-image":"","background-repeat":"repeat","background-position":"center center","background-size":"auto","background-attachment":"scroll","background-type":"","background-media":"","overlay-type":"","overlay-color":"","overlay-opacity":"","overlay-gradient":""},"tablet":{"background-color":"var(--ast-global-color-5)","background-image":"","background-repeat":"repeat","background-position":"center center","background-size":"auto","background-attachment":"scroll","background-type":"","background-media":"","overlay-type":"","overlay-color":"","overlay-opacity":"","overlay-gradient":""},"mobile":{"background-color":"var(--ast-global-color-5)","background-image":"","background-repeat":"repeat","background-position":"center center","background-size":"auto","background-attachment":"scroll","background-type":"","background-media":"","overlay-type":"","overlay-color":"","overlay-opacity":"","overlay-gradient":""}},"footnotes":""},"class_list":["post-62","page","type-page","status-publish","hentry"],"yoast_head":"<!-- This site is optimized with the Yoast SEO plugin v27.1.1 - https:\/\/yoast.com\/product\/yoast-seo-wordpress\/ -->\n<title>Allgemeine Gesch\u00e4ftsbedingungen - Motorrad Faltgarage - Made in Germany | BIKEHOME<\/title>\n<meta name=\"robots\" content=\"index, follow, max-snippet:-1, max-image-preview:large, max-video-preview:-1\" \/>\n<link rel=\"canonical\" href=\"https:\/\/www.bikehome.com\/en\/agb\/\" \/>\n<meta property=\"og:locale\" content=\"en_GB\" \/>\n<meta property=\"og:type\" content=\"article\" \/>\n<meta property=\"og:title\" content=\"Allgemeine Gesch\u00e4ftsbedingungen - Motorrad Faltgarage - Made in Germany | BIKEHOME\" \/>\n<meta property=\"og:description\" content=\"Allgemeine Gesch\u00e4ftsbedingungen \u00a7 1. Vertragspartner Sie erreichen uns unter folgender Adresse: BIKEHOME e.K.Nackter Weg 10 c67311 TiefenthalDeutschland Tel: 0176 20489958E-Mail: kontakt@bikehome.comwww.bikehome.com Inhaber: Stefan LangHandelsregister-Nr.: HRA 61432, Amtsgericht LudwigshafenUSt-IdNr: DE2710080951 \u00a7 2. Geltungsbereich Diese nachfolgenden Allgemeinen Gesch\u00e4ftsbedingungen gelten f\u00fcr unsere Vertr\u00e4ge im Bereich der Webseite angebotenen Waren ausschlie\u00dflich und zum Zeitpunkt ihrer Bestellung. Entgegenstehenden oder von [&hellip;]\" \/>\n<meta property=\"og:url\" content=\"https:\/\/www.bikehome.com\/en\/agb\/\" \/>\n<meta property=\"og:site_name\" content=\"Motorrad Faltgarage - Made in Germany | BIKEHOME\" \/>\n<meta property=\"article:modified_time\" content=\"2025-11-11T09:49:00+00:00\" \/>\n<meta name=\"twitter:card\" content=\"summary_large_image\" \/>\n<meta name=\"twitter:label1\" content=\"Estimated reading time\" \/>\n\t<meta name=\"twitter:data1\" content=\"3 minutes\" \/>\n<script type=\"application\/ld+json\" class=\"yoast-schema-graph\">{\"@context\":\"https:\/\/schema.org\",\"@graph\":[{\"@type\":\"WebPage\",\"@id\":\"https:\/\/www.bikehome.com\/agb\/\",\"url\":\"https:\/\/www.bikehome.com\/agb\/\",\"name\":\"Allgemeine Gesch\u00e4ftsbedingungen - Motorrad Faltgarage - Made in Germany | BIKEHOME\",\"isPartOf\":{\"@id\":\"https:\/\/www.bikehome.com\/#website\"},\"datePublished\":\"2015-02-07T08:24:45+00:00\",\"dateModified\":\"2025-11-11T09:49:00+00:00\",\"breadcrumb\":{\"@id\":\"https:\/\/www.bikehome.com\/agb\/#breadcrumb\"},\"inLanguage\":\"en-GB\",\"potentialAction\":[{\"@type\":\"ReadAction\",\"target\":[\"https:\/\/www.bikehome.com\/agb\/\"]}]},{\"@type\":\"BreadcrumbList\",\"@id\":\"https:\/\/www.bikehome.com\/agb\/#breadcrumb\",\"itemListElement\":[{\"@type\":\"ListItem\",\"position\":1,\"name\":\"Startseite\",\"item\":\"https:\/\/www.bikehome.com\/\"},{\"@type\":\"ListItem\",\"position\":2,\"name\":\"Allgemeine Gesch\u00e4ftsbedingungen\"}]},{\"@type\":\"WebSite\",\"@id\":\"https:\/\/www.bikehome.com\/#website\",\"url\":\"https:\/\/www.bikehome.com\/\",\"name\":\"Motorrad Faltgarage - Made in Germany | BIKEHOME\",\"description\":\"\",\"publisher\":{\"@id\":\"https:\/\/www.bikehome.com\/#organization\"},\"potentialAction\":[{\"@type\":\"SearchAction\",\"target\":{\"@type\":\"EntryPoint\",\"urlTemplate\":\"https:\/\/www.bikehome.com\/?s={search_term_string}\"},\"query-input\":{\"@type\":\"PropertyValueSpecification\",\"valueRequired\":true,\"valueName\":\"search_term_string\"}}],\"inLanguage\":\"en-GB\"},{\"@type\":\"Organization\",\"@id\":\"https:\/\/www.bikehome.com\/#organization\",\"name\":\"Motorrad Faltgarage - Made in Germany | BIKEHOME\",\"url\":\"https:\/\/www.bikehome.com\/\",\"logo\":{\"@type\":\"ImageObject\",\"inLanguage\":\"en-GB\",\"@id\":\"https:\/\/www.bikehome.com\/#\/schema\/logo\/image\/\",\"url\":\"https:\/\/www.bikehome.com\/wp-content\/uploads\/2017\/12\/cropped-BIKEHOME-Logo.png\",\"contentUrl\":\"https:\/\/www.bikehome.com\/wp-content\/uploads\/2017\/12\/cropped-BIKEHOME-Logo.png\",\"width\":291,\"height\":53,\"caption\":\"Motorrad Faltgarage - Made in Germany | BIKEHOME\"},\"image\":{\"@id\":\"https:\/\/www.bikehome.com\/#\/schema\/logo\/image\/\"}}]}<\/script>\n<!-- \/ Yoast SEO plugin. -->","yoast_head_json":{"title":"Allgemeine Gesch\u00e4ftsbedingungen - Motorrad Faltgarage - Made in Germany | BIKEHOME","robots":{"index":"index","follow":"follow","max-snippet":"max-snippet:-1","max-image-preview":"max-image-preview:large","max-video-preview":"max-video-preview:-1"},"canonical":"https:\/\/www.bikehome.com\/en\/agb\/","og_locale":"en_GB","og_type":"article","og_title":"Allgemeine Gesch\u00e4ftsbedingungen - Motorrad Faltgarage - Made in Germany | BIKEHOME","og_description":"Allgemeine Gesch\u00e4ftsbedingungen \u00a7 1. Vertragspartner Sie erreichen uns unter folgender Adresse: BIKEHOME e.K.Nackter Weg 10 c67311 TiefenthalDeutschland Tel: 0176 20489958E-Mail: kontakt@bikehome.comwww.bikehome.com Inhaber: Stefan LangHandelsregister-Nr.: HRA 61432, Amtsgericht LudwigshafenUSt-IdNr: DE2710080951 \u00a7 2. Geltungsbereich Diese nachfolgenden Allgemeinen Gesch\u00e4ftsbedingungen gelten f\u00fcr unsere Vertr\u00e4ge im Bereich der Webseite angebotenen Waren ausschlie\u00dflich und zum Zeitpunkt ihrer Bestellung. Entgegenstehenden oder von [&hellip;]","og_url":"https:\/\/www.bikehome.com\/en\/agb\/","og_site_name":"Motorrad Faltgarage - Made in Germany | BIKEHOME","article_modified_time":"2025-11-11T09:49:00+00:00","twitter_card":"summary_large_image","twitter_misc":{"Estimated reading time":"3 minutes"},"schema":{"@context":"https:\/\/schema.org","@graph":[{"@type":"WebPage","@id":"https:\/\/www.bikehome.com\/agb\/","url":"https:\/\/www.bikehome.com\/agb\/","name":"Allgemeine Gesch\u00e4ftsbedingungen - Motorrad Faltgarage - Made in Germany | BIKEHOME","isPartOf":{"@id":"https:\/\/www.bikehome.com\/#website"},"datePublished":"2015-02-07T08:24:45+00:00","dateModified":"2025-11-11T09:49:00+00:00","breadcrumb":{"@id":"https:\/\/www.bikehome.com\/agb\/#breadcrumb"},"inLanguage":"en-GB","potentialAction":[{"@type":"ReadAction","target":["https:\/\/www.bikehome.com\/agb\/"]}]},{"@type":"BreadcrumbList","@id":"https:\/\/www.bikehome.com\/agb\/#breadcrumb","itemListElement":[{"@type":"ListItem","position":1,"name":"Startseite","item":"https:\/\/www.bikehome.com\/"},{"@type":"ListItem","position":2,"name":"Allgemeine Gesch\u00e4ftsbedingungen"}]},{"@type":"WebSite","@id":"https:\/\/www.bikehome.com\/#website","url":"https:\/\/www.bikehome.com\/","name":"Motorrad Faltgarage - Made in Germany | BIKEHOME","description":"","publisher":{"@id":"https:\/\/www.bikehome.com\/#organization"},"potentialAction":[{"@type":"SearchAction","target":{"@type":"EntryPoint","urlTemplate":"https:\/\/www.bikehome.com\/?s={search_term_string}"},"query-input":{"@type":"PropertyValueSpecification","valueRequired":true,"valueName":"search_term_string"}}],"inLanguage":"en-GB"},{"@type":"Organization","@id":"https:\/\/www.bikehome.com\/#organization","name":"Motorrad Faltgarage - Made in Germany | BIKEHOME","url":"https:\/\/www.bikehome.com\/","logo":{"@type":"ImageObject","inLanguage":"en-GB","@id":"https:\/\/www.bikehome.com\/#\/schema\/logo\/image\/","url":"https:\/\/www.bikehome.com\/wp-content\/uploads\/2017\/12\/cropped-BIKEHOME-Logo.png","contentUrl":"https:\/\/www.bikehome.com\/wp-content\/uploads\/2017\/12\/cropped-BIKEHOME-Logo.png","width":291,"height":53,"caption":"Motorrad Faltgarage - Made in Germany | BIKEHOME"},"image":{"@id":"https:\/\/www.bikehome.com\/#\/schema\/logo\/image\/"}}]}},"_links":{"self":[{"href":"https:\/\/www.bikehome.com\/en\/wp-json\/wp\/v2\/pages\/62","targetHints":{"allow":["GET"]}}],"collection":[{"href":"https:\/\/www.bikehome.com\/en\/wp-json\/wp\/v2\/pages"}],"about":[{"href":"https:\/\/www.bikehome.com\/en\/wp-json\/wp\/v2\/types\/page"}],"author":[{"embeddable":true,"href":"https:\/\/www.bikehome.com\/en\/wp-json\/wp\/v2\/users\/1"}],"replies":[{"embeddable":true,"href":"https:\/\/www.bikehome.com\/en\/wp-json\/wp\/v2\/comments?post=62"}],"version-history":[{"count":73,"href":"https:\/\/www.bikehome.com\/en\/wp-json\/wp\/v2\/pages\/62\/revisions"}],"predecessor-version":[{"id":10393,"href":"https:\/\/www.bikehome.com\/en\/wp-json\/wp\/v2\/pages\/62\/revisions\/10393"}],"wp:attachment":[{"href":"https:\/\/www.bikehome.com\/en\/wp-json\/wp\/v2\/media?parent=62"}],"curies":[{"name":"wp","href":"https:\/\/api.w.org\/{rel}","templated":true}]}}