{"id":4881,"date":"2019-01-03T22:03:41","date_gmt":"2019-01-03T22:03:41","guid":{"rendered":"https:\/\/www.bikehome.com\/?page_id=4881"},"modified":"2019-01-03T22:03:41","modified_gmt":"2019-01-03T22:03:41","slug":"espanol-derecho-a-retirada","status":"publish","type":"page","link":"https:\/\/www.bikehome.com\/en\/espanol-derecho-a-retirada\/","title":{"rendered":"[:es]Derecho a retirada[:]"},"content":{"rendered":"<p>[:es]<strong>Derecho a cancelar<\/strong><\/p>\n<p>Usted tiene el derecho de cancelar este contrato dentro de los 14 d\u00edas sin dar ning\u00fan motivo.<\/p>\n<p>El per\u00edodo de cancelaci\u00f3n expirar\u00e1 despu\u00e9s de 14 d\u00edas a partir del d\u00eda en que adquiera, o un tercero que no sea el transportista e indicado por usted adquiera, la posesi\u00f3n f\u00edsica de los bienes.<\/p>\n<p>Para ejercer el derecho de cancelaci\u00f3n, debe informarnos:<\/p>\n<p>BIKEHOME e.K.<br \/>\nNackter Weg 10 c<br \/>\nD-67311 Tiefenthal<\/p>\n<p>Tel: 06322 65862<br \/>\nFax: 06322 1645<br \/>\nE-Mail: kontakt@bikehome.com<\/p>\n<p>de su decisi\u00f3n de cancelar este contrato mediante una declaraci\u00f3n clara (por ejemplo, una carta enviada por correo postal, fax o correo electr\u00f3nico). Puede usar el formulario de cancelaci\u00f3n de modelo adjunto, pero no es obligatorio.<\/p>\n<p>Para cumplir con la fecha l\u00edmite de cancelaci\u00f3n, es suficiente que env\u00ede su comunicaci\u00f3n relacionada con su ejercicio del derecho de cancelaci\u00f3n antes de que haya expirado el per\u00edodo de cancelaci\u00f3n.<\/p>\n<p><strong>Efectos de la cancelaci\u00f3n<\/strong><\/p>\n<p>Si cancela este contrato, le reembolsaremos todos los pagos recibidos de usted, incluidos los costos de la entrega (excepto los costos adicionales que surgen si elige un tipo de entrega que no sea el tipo de env\u00edo est\u00e1ndar m\u00e1s econ\u00f3mico ofrecido por nosotros) sin demora indebida y, a m\u00e1s tardar, catorce d\u00edas despu\u00e9s del d\u00eda en que se nos informa sobre su decisi\u00f3n de cancelar este contrato. Podemos hacer una deducci\u00f3n del reembolso por la p\u00e9rdida en el valor de cualquier producto entregado, si la p\u00e9rdida es el resultado de un manejo innecesario por parte de usted. Realizaremos el reembolso utilizando el mismo medio de pago que utiliz\u00f3 para la transacci\u00f3n inicial, a menos que haya acordado expresamente lo contrario. En cualquier caso, no incurrir\u00e1 en ninguna tarifa como resultado del reembolso. Es posible que retengamos el reembolso hasta que hayamos recibido los bienes o haya presentado evidencia de haber devuelto los bienes, lo que ocurra primero.<\/p>\n<p>Deber\u00e1 devolver los bienes o entreg\u00e1rnoslos sin demora indebida y, en cualquier caso, a m\u00e1s tardar catorce d\u00edas a partir del d\u00eda en que nos comunique su cancelaci\u00f3n de este contrato. La fecha l\u00edmite se cumple si devuelve la mercanc\u00eda antes de que expire el per\u00edodo de 14 d\u00edas.<\/p>\n<p>Usted tendr\u00e1 que pagar el costo directo de devolver la mercanc\u00eda.<\/p>\n<p>Usted es el \u00fanico responsable de cualquier valor disminuido de los bienes resultante de la manipulaci\u00f3n que no sea lo necesario para establecer la naturaleza, las caracter\u00edsticas y el funcionamiento de los productos.[:]<\/p>\n","protected":false},"excerpt":{"rendered":"<p>[:es]Derecho a cancelar Usted tiene el derecho de cancelar este contrato dentro de los 14 d\u00edas sin dar ning\u00fan motivo. El per\u00edodo de cancelaci\u00f3n expirar\u00e1 despu\u00e9s de 14 d\u00edas a partir del d\u00eda en que adquiera, o un tercero que no sea el transportista e indicado por usted adquiera, la posesi\u00f3n f\u00edsica de los bienes. [&hellip;]<\/p>\n","protected":false},"author":1,"featured_media":0,"parent":0,"menu_order":0,"comment_status":"closed","ping_status":"closed","template":"","meta":{"site-sidebar-layout":"default","site-content-layout":"default","ast-site-content-layout":"default","site-content-style":"default","site-sidebar-style":"default","ast-global-header-display":"","ast-banner-title-visibility":"","ast-main-header-display":"","ast-hfb-above-header-display":"","ast-hfb-below-header-display":"","ast-hfb-mobile-header-display":"","site-post-title":"","ast-breadcrumbs-content":"","ast-featured-img":"","footer-sml-layout":"","ast-disable-related-posts":"","theme-transparent-header-meta":"","adv-header-id-meta":"","stick-header-meta":"","header-above-stick-meta":"","header-main-stick-meta":"","header-below-stick-meta":"","astra-migrate-meta-layouts":"default","ast-page-background-enabled":"default","ast-page-background-meta":{"desktop":{"background-color":"","background-image":"","background-repeat":"repeat","background-position":"center center","background-size":"auto","background-attachment":"scroll","background-type":"","background-media":"","overlay-type":"","overlay-color":"","overlay-opacity":"","overlay-gradient":""},"tablet":{"background-color":"","background-image":"","background-repeat":"repeat","background-position":"center center","background-size":"auto","background-attachment":"scroll","background-type":"","background-media":"","overlay-type":"","overlay-color":"","overlay-opacity":"","overlay-gradient":""},"mobile":{"background-color":"","background-image":"","background-repeat":"repeat","background-position":"center center","background-size":"auto","background-attachment":"scroll","background-type":"","background-media":"","overlay-type":"","overlay-color":"","overlay-opacity":"","overlay-gradient":""}},"ast-content-background-meta":{"desktop":{"background-color":"var(--ast-global-color-5)","background-image":"","background-repeat":"repeat","background-position":"center center","background-size":"auto","background-attachment":"scroll","background-type":"","background-media":"","overlay-type":"","overlay-color":"","overlay-opacity":"","overlay-gradient":""},"tablet":{"background-color":"var(--ast-global-color-5)","background-image":"","background-repeat":"repeat","background-position":"center center","background-size":"auto","background-attachment":"scroll","background-type":"","background-media":"","overlay-type":"","overlay-color":"","overlay-opacity":"","overlay-gradient":""},"mobile":{"background-color":"var(--ast-global-color-5)","background-image":"","background-repeat":"repeat","background-position":"center center","background-size":"auto","background-attachment":"scroll","background-type":"","background-media":"","overlay-type":"","overlay-color":"","overlay-opacity":"","overlay-gradient":""}},"footnotes":""},"class_list":["post-4881","page","type-page","status-publish","hentry"],"yoast_head":"<!-- This site is optimized with the Yoast SEO plugin v27.1.1 - https:\/\/yoast.com\/product\/yoast-seo-wordpress\/ -->\n<title>[:es]Derecho a retirada[:] - Motorrad Faltgarage - Made in Germany | BIKEHOME<\/title>\n<meta name=\"robots\" content=\"index, follow, max-snippet:-1, max-image-preview:large, max-video-preview:-1\" \/>\n<link rel=\"canonical\" href=\"https:\/\/www.bikehome.com\/en\/espanol-derecho-a-retirada\/\" \/>\n<meta property=\"og:locale\" content=\"en_GB\" \/>\n<meta property=\"og:type\" content=\"article\" \/>\n<meta property=\"og:title\" content=\"[:es]Derecho a retirada[:] - Motorrad Faltgarage - Made in Germany | BIKEHOME\" \/>\n<meta property=\"og:description\" content=\"[:es]Derecho a cancelar Usted tiene el derecho de cancelar este contrato dentro de los 14 d\u00edas sin dar ning\u00fan motivo. El per\u00edodo de cancelaci\u00f3n expirar\u00e1 despu\u00e9s de 14 d\u00edas a partir del d\u00eda en que adquiera, o un tercero que no sea el transportista e indicado por usted adquiera, la posesi\u00f3n f\u00edsica de los bienes. [&hellip;]\" \/>\n<meta property=\"og:url\" content=\"https:\/\/www.bikehome.com\/en\/espanol-derecho-a-retirada\/\" \/>\n<meta property=\"og:site_name\" content=\"Motorrad Faltgarage - Made in Germany | BIKEHOME\" \/>\n<meta name=\"twitter:card\" content=\"summary_large_image\" \/>\n<meta name=\"twitter:label1\" content=\"Estimated reading time\" \/>\n\t<meta name=\"twitter:data1\" content=\"2 minutes\" \/>\n<script type=\"application\/ld+json\" class=\"yoast-schema-graph\">{\"@context\":\"https:\/\/schema.org\",\"@graph\":[{\"@type\":\"WebPage\",\"@id\":\"https:\/\/www.bikehome.com\/espanol-derecho-a-retirada\/\",\"url\":\"https:\/\/www.bikehome.com\/espanol-derecho-a-retirada\/\",\"name\":\"[:es]Derecho a retirada[:] - Motorrad Faltgarage - Made in Germany | BIKEHOME\",\"isPartOf\":{\"@id\":\"https:\/\/www.bikehome.com\/#website\"},\"datePublished\":\"2019-01-03T22:03:41+00:00\",\"breadcrumb\":{\"@id\":\"https:\/\/www.bikehome.com\/espanol-derecho-a-retirada\/#breadcrumb\"},\"inLanguage\":\"en-GB\",\"potentialAction\":[{\"@type\":\"ReadAction\",\"target\":[\"https:\/\/www.bikehome.com\/espanol-derecho-a-retirada\/\"]}]},{\"@type\":\"BreadcrumbList\",\"@id\":\"https:\/\/www.bikehome.com\/espanol-derecho-a-retirada\/#breadcrumb\",\"itemListElement\":[{\"@type\":\"ListItem\",\"position\":1,\"name\":\"Startseite\",\"item\":\"https:\/\/www.bikehome.com\/\"},{\"@type\":\"ListItem\",\"position\":2,\"name\":\"[:es]Derecho a retirada[:]\"}]},{\"@type\":\"WebSite\",\"@id\":\"https:\/\/www.bikehome.com\/#website\",\"url\":\"https:\/\/www.bikehome.com\/\",\"name\":\"Motorrad Faltgarage - Made in Germany | BIKEHOME\",\"description\":\"\",\"publisher\":{\"@id\":\"https:\/\/www.bikehome.com\/#organization\"},\"potentialAction\":[{\"@type\":\"SearchAction\",\"target\":{\"@type\":\"EntryPoint\",\"urlTemplate\":\"https:\/\/www.bikehome.com\/?s={search_term_string}\"},\"query-input\":{\"@type\":\"PropertyValueSpecification\",\"valueRequired\":true,\"valueName\":\"search_term_string\"}}],\"inLanguage\":\"en-GB\"},{\"@type\":\"Organization\",\"@id\":\"https:\/\/www.bikehome.com\/#organization\",\"name\":\"Motorrad Faltgarage - Made in Germany | BIKEHOME\",\"url\":\"https:\/\/www.bikehome.com\/\",\"logo\":{\"@type\":\"ImageObject\",\"inLanguage\":\"en-GB\",\"@id\":\"https:\/\/www.bikehome.com\/#\/schema\/logo\/image\/\",\"url\":\"https:\/\/www.bikehome.com\/wp-content\/uploads\/2017\/12\/cropped-BIKEHOME-Logo.png\",\"contentUrl\":\"https:\/\/www.bikehome.com\/wp-content\/uploads\/2017\/12\/cropped-BIKEHOME-Logo.png\",\"width\":291,\"height\":53,\"caption\":\"Motorrad Faltgarage - Made in Germany | BIKEHOME\"},\"image\":{\"@id\":\"https:\/\/www.bikehome.com\/#\/schema\/logo\/image\/\"}}]}<\/script>\n<!-- \/ Yoast SEO plugin. -->","yoast_head_json":{"title":"[:es]Derecho a retirada[:] - Motorrad Faltgarage - Made in Germany | BIKEHOME","robots":{"index":"index","follow":"follow","max-snippet":"max-snippet:-1","max-image-preview":"max-image-preview:large","max-video-preview":"max-video-preview:-1"},"canonical":"https:\/\/www.bikehome.com\/en\/espanol-derecho-a-retirada\/","og_locale":"en_GB","og_type":"article","og_title":"[:es]Derecho a retirada[:] - Motorrad Faltgarage - Made in Germany | BIKEHOME","og_description":"[:es]Derecho a cancelar Usted tiene el derecho de cancelar este contrato dentro de los 14 d\u00edas sin dar ning\u00fan motivo. El per\u00edodo de cancelaci\u00f3n expirar\u00e1 despu\u00e9s de 14 d\u00edas a partir del d\u00eda en que adquiera, o un tercero que no sea el transportista e indicado por usted adquiera, la posesi\u00f3n f\u00edsica de los bienes. [&hellip;]","og_url":"https:\/\/www.bikehome.com\/en\/espanol-derecho-a-retirada\/","og_site_name":"Motorrad Faltgarage - Made in Germany | BIKEHOME","twitter_card":"summary_large_image","twitter_misc":{"Estimated reading time":"2 minutes"},"schema":{"@context":"https:\/\/schema.org","@graph":[{"@type":"WebPage","@id":"https:\/\/www.bikehome.com\/espanol-derecho-a-retirada\/","url":"https:\/\/www.bikehome.com\/espanol-derecho-a-retirada\/","name":"[:es]Derecho a retirada[:] - Motorrad Faltgarage - Made in Germany | BIKEHOME","isPartOf":{"@id":"https:\/\/www.bikehome.com\/#website"},"datePublished":"2019-01-03T22:03:41+00:00","breadcrumb":{"@id":"https:\/\/www.bikehome.com\/espanol-derecho-a-retirada\/#breadcrumb"},"inLanguage":"en-GB","potentialAction":[{"@type":"ReadAction","target":["https:\/\/www.bikehome.com\/espanol-derecho-a-retirada\/"]}]},{"@type":"BreadcrumbList","@id":"https:\/\/www.bikehome.com\/espanol-derecho-a-retirada\/#breadcrumb","itemListElement":[{"@type":"ListItem","position":1,"name":"Startseite","item":"https:\/\/www.bikehome.com\/"},{"@type":"ListItem","position":2,"name":"[:es]Derecho a retirada[:]"}]},{"@type":"WebSite","@id":"https:\/\/www.bikehome.com\/#website","url":"https:\/\/www.bikehome.com\/","name":"Motorrad Faltgarage - Made in Germany | BIKEHOME","description":"","publisher":{"@id":"https:\/\/www.bikehome.com\/#organization"},"potentialAction":[{"@type":"SearchAction","target":{"@type":"EntryPoint","urlTemplate":"https:\/\/www.bikehome.com\/?s={search_term_string}"},"query-input":{"@type":"PropertyValueSpecification","valueRequired":true,"valueName":"search_term_string"}}],"inLanguage":"en-GB"},{"@type":"Organization","@id":"https:\/\/www.bikehome.com\/#organization","name":"Motorrad Faltgarage - Made in Germany | BIKEHOME","url":"https:\/\/www.bikehome.com\/","logo":{"@type":"ImageObject","inLanguage":"en-GB","@id":"https:\/\/www.bikehome.com\/#\/schema\/logo\/image\/","url":"https:\/\/www.bikehome.com\/wp-content\/uploads\/2017\/12\/cropped-BIKEHOME-Logo.png","contentUrl":"https:\/\/www.bikehome.com\/wp-content\/uploads\/2017\/12\/cropped-BIKEHOME-Logo.png","width":291,"height":53,"caption":"Motorrad Faltgarage - Made in Germany | BIKEHOME"},"image":{"@id":"https:\/\/www.bikehome.com\/#\/schema\/logo\/image\/"}}]}},"_links":{"self":[{"href":"https:\/\/www.bikehome.com\/en\/wp-json\/wp\/v2\/pages\/4881","targetHints":{"allow":["GET"]}}],"collection":[{"href":"https:\/\/www.bikehome.com\/en\/wp-json\/wp\/v2\/pages"}],"about":[{"href":"https:\/\/www.bikehome.com\/en\/wp-json\/wp\/v2\/types\/page"}],"author":[{"embeddable":true,"href":"https:\/\/www.bikehome.com\/en\/wp-json\/wp\/v2\/users\/1"}],"replies":[{"embeddable":true,"href":"https:\/\/www.bikehome.com\/en\/wp-json\/wp\/v2\/comments?post=4881"}],"version-history":[{"count":1,"href":"https:\/\/www.bikehome.com\/en\/wp-json\/wp\/v2\/pages\/4881\/revisions"}],"predecessor-version":[{"id":4882,"href":"https:\/\/www.bikehome.com\/en\/wp-json\/wp\/v2\/pages\/4881\/revisions\/4882"}],"wp:attachment":[{"href":"https:\/\/www.bikehome.com\/en\/wp-json\/wp\/v2\/media?parent=4881"}],"curies":[{"name":"wp","href":"https:\/\/api.w.org\/{rel}","templated":true}]}}