{"id":4871,"date":"2019-01-03T22:01:48","date_gmt":"2019-01-03T22:01:48","guid":{"rendered":"https:\/\/www.bikehome.com\/?page_id=4871"},"modified":"2019-01-03T22:01:48","modified_gmt":"2019-01-03T22:01:48","slug":"italiano-ritorno","status":"publish","type":"page","link":"https:\/\/www.bikehome.com\/en\/italiano-ritorno\/","title":{"rendered":"[:it]Ritorno[:]"},"content":{"rendered":"<p>[:it]<span id=\"result_box\" class=\"\" lang=\"fr\" tabindex=\"-1\"><span title=\"You can use your statutory right of withdrawal within 14 days without giving reasons.\">Vous pouvez utiliser votre droit d&#8216;<strong>utilisation dans les 14 jours<\/strong> sans donner de raisons. <\/span><span title=\"The period begins on the day on which you or a third party named by you, who is not the carrier, has taken possession of the last goods.\">La p\u00e9riode commence le jour o\u00f9 vous avez un tiers nomm\u00e9 par vous, qui n&#8217;est pas le transporteur, a pris possession des derni\u00e8res marchandises. <\/span><span title=\"To meet the deadline, the timely dispatch of the revocation is sufficient.\">Pour respecter la date limite, l&#8217;envoi de la r\u00e9vocation est suffisant. <\/span><span title=\"Further explanations and information on the right of revocation, its conditions and consequences can be found in the revocation instruction. \">Des explications suppl\u00e9mentaires et des informations sur le <a href=\"https:\/\/www.bikehome.com\/widerrufsbelehrung\/\">droit de r\u00e9vocation<\/a>, ses conditions et ses cons\u00e9quences peuvent \u00eatre trouv\u00e9es dans l&#8217;instruction de r\u00e9vocation.<\/span><\/span><\/p>\n<p><span title=\"Already paid payments we refund you in full.\"><strong>Paiements d\u00e9j\u00e0 pay\u00e9s, nous vous remboursons int\u00e9gralement<\/strong>. <\/span><span title=\"In the event of a deterioration of the returned articles, we reserve the right to claim compensation for value within the scope of the statutory provisions.\">En cas de d\u00e9t\u00e9rioration des articles retourn\u00e9s, nous nous r\u00e9servons le droit de r\u00e9clamer une indemnit\u00e9 pour valeur dans le cadre des dispositions l\u00e9gales. <\/span><span title=\"This does not apply if a deterioration is due solely to the examination of the thing, as it would have been possible for you in the store.\">Cela ne s&#8217;applique pas \u00e0 l&#8217;examen de la chose, comme cela aurait \u00e9t\u00e9 possible pour vous dans le magasin. <\/span><span title=\"You bear the immediate costs of returning the goods. \"><strong>Vous assumez les co\u00fbts imm\u00e9diats du retour des marchandises<\/strong>.<br \/>\n<\/span><\/p>\n<h2><span id=\"result_box\" class=\"\" lang=\"fr\" tabindex=\"-1\"><span title=\"Expiry of the return \">Expiration du retour<\/span><\/span><\/h2>\n<p><span title=\"Step 1: Inform us about the cancellation of your order by phone, e-mail or by post. \"><strong>\u00c9tape 1:<\/strong> Informez-nous de l&#8217;annulation de votre commande par t\u00e9l\u00e9phone, e-mail ou par courrier.<\/span><\/p>\n<p><span title=\"BIKEHOME e.K. \">BIKEHOME e.K.<br \/>\n<\/span><span title=\"Nackter Weg 10 c \">Nackter Weg 10 c<br \/>\n<\/span><span title=\"D-67311 Tiefenthal \">D-67311 Tiefenthal<\/span><\/p>\n<p><span title=\"Tel: 06322 65862 \">Tel: 06322 65862<br \/>\n<\/span><span title=\"Fax: 06322 1645 \">Fax: 06322 1645<br \/>\n<\/span><span title=\"E-Mail: kontakt@bikehome.com \">E-Mail: kontakt@bikehome.com<\/span><\/p>\n<p><span title=\"Step 2: You will receive a confirmation of your cancellation. \"><strong>\u00c9tape 2:<\/strong> Vous souhaitez recevoir une confirmation de votre annulation.<\/span><\/p>\n<p><span title=\"Step 3: You ship the goods you ordered to the following address (if possible, use the original box). \"><strong>\u00c9tape 3:<\/strong> Vous exp\u00e9diez \u00e0 l&#8217;adresse suivante (si possible, utilisez la bo\u00eete d&#8217;origine).<\/span><\/p>\n<p><span title=\"Lang GmbH \">Lang GmbH<br \/>\n<\/span><span title=\"Bruchstra\u00dfe 58 \">Bruchstra\u00dfe 58<br \/>\n<\/span><span title=\"D-67098 Bad D\u00fcrkheim \">D-67098 Bad D\u00fcrkheim<\/span><\/p>\n<p><span title=\"Step 4: After receiving and checking the goods we will refund you already made payments.\"><strong>\u00c9tape 4:<\/strong> Apr\u00e8s r\u00e9ception et v\u00e9rification des marchandises, nous vous rembourserons les paiements d\u00e9j\u00e0 effectu\u00e9s.<\/span>[:]<\/p>\n","protected":false},"excerpt":{"rendered":"<p>[:it]Vous pouvez utiliser votre droit d&#8216;utilisation dans les 14 jours sans donner de raisons. La p\u00e9riode commence le jour o\u00f9 vous avez un tiers nomm\u00e9 par vous, qui n&#8217;est pas le transporteur, a pris possession des derni\u00e8res marchandises. Pour respecter la date limite, l&#8217;envoi de la r\u00e9vocation est suffisant. Des explications suppl\u00e9mentaires et des informations [&hellip;]<\/p>\n","protected":false},"author":1,"featured_media":0,"parent":0,"menu_order":0,"comment_status":"closed","ping_status":"closed","template":"","meta":{"site-sidebar-layout":"default","site-content-layout":"default","ast-site-content-layout":"default","site-content-style":"default","site-sidebar-style":"default","ast-global-header-display":"","ast-banner-title-visibility":"","ast-main-header-display":"","ast-hfb-above-header-display":"","ast-hfb-below-header-display":"","ast-hfb-mobile-header-display":"","site-post-title":"","ast-breadcrumbs-content":"","ast-featured-img":"","footer-sml-layout":"","ast-disable-related-posts":"","theme-transparent-header-meta":"","adv-header-id-meta":"","stick-header-meta":"","header-above-stick-meta":"","header-main-stick-meta":"","header-below-stick-meta":"","astra-migrate-meta-layouts":"default","ast-page-background-enabled":"default","ast-page-background-meta":{"desktop":{"background-color":"","background-image":"","background-repeat":"repeat","background-position":"center center","background-size":"auto","background-attachment":"scroll","background-type":"","background-media":"","overlay-type":"","overlay-color":"","overlay-opacity":"","overlay-gradient":""},"tablet":{"background-color":"","background-image":"","background-repeat":"repeat","background-position":"center center","background-size":"auto","background-attachment":"scroll","background-type":"","background-media":"","overlay-type":"","overlay-color":"","overlay-opacity":"","overlay-gradient":""},"mobile":{"background-color":"","background-image":"","background-repeat":"repeat","background-position":"center center","background-size":"auto","background-attachment":"scroll","background-type":"","background-media":"","overlay-type":"","overlay-color":"","overlay-opacity":"","overlay-gradient":""}},"ast-content-background-meta":{"desktop":{"background-color":"var(--ast-global-color-5)","background-image":"","background-repeat":"repeat","background-position":"center center","background-size":"auto","background-attachment":"scroll","background-type":"","background-media":"","overlay-type":"","overlay-color":"","overlay-opacity":"","overlay-gradient":""},"tablet":{"background-color":"var(--ast-global-color-5)","background-image":"","background-repeat":"repeat","background-position":"center center","background-size":"auto","background-attachment":"scroll","background-type":"","background-media":"","overlay-type":"","overlay-color":"","overlay-opacity":"","overlay-gradient":""},"mobile":{"background-color":"var(--ast-global-color-5)","background-image":"","background-repeat":"repeat","background-position":"center center","background-size":"auto","background-attachment":"scroll","background-type":"","background-media":"","overlay-type":"","overlay-color":"","overlay-opacity":"","overlay-gradient":""}},"footnotes":""},"class_list":["post-4871","page","type-page","status-publish","hentry"],"yoast_head":"<!-- This site is optimized with the Yoast SEO plugin v27.1.1 - https:\/\/yoast.com\/product\/yoast-seo-wordpress\/ -->\n<title>[:it]Ritorno[:] - Motorrad Faltgarage - Made in Germany | BIKEHOME<\/title>\n<meta name=\"robots\" content=\"index, follow, max-snippet:-1, max-image-preview:large, max-video-preview:-1\" \/>\n<link rel=\"canonical\" href=\"https:\/\/www.bikehome.com\/en\/italiano-ritorno\/\" \/>\n<meta property=\"og:locale\" content=\"en_GB\" \/>\n<meta property=\"og:type\" content=\"article\" \/>\n<meta property=\"og:title\" content=\"[:it]Ritorno[:] - Motorrad Faltgarage - Made in Germany | BIKEHOME\" \/>\n<meta property=\"og:description\" content=\"[:it]Vous pouvez utiliser votre droit d&#8216;utilisation dans les 14 jours sans donner de raisons. La p\u00e9riode commence le jour o\u00f9 vous avez un tiers nomm\u00e9 par vous, qui n&#8217;est pas le transporteur, a pris possession des derni\u00e8res marchandises. Pour respecter la date limite, l&#8217;envoi de la r\u00e9vocation est suffisant. Des explications suppl\u00e9mentaires et des informations [&hellip;]\" \/>\n<meta property=\"og:url\" content=\"https:\/\/www.bikehome.com\/en\/italiano-ritorno\/\" \/>\n<meta property=\"og:site_name\" content=\"Motorrad Faltgarage - Made in Germany | BIKEHOME\" \/>\n<meta name=\"twitter:card\" content=\"summary_large_image\" \/>\n<meta name=\"twitter:label1\" content=\"Estimated reading time\" \/>\n\t<meta name=\"twitter:data1\" content=\"1 minute\" \/>\n<script type=\"application\/ld+json\" class=\"yoast-schema-graph\">{\"@context\":\"https:\/\/schema.org\",\"@graph\":[{\"@type\":\"WebPage\",\"@id\":\"https:\/\/www.bikehome.com\/italiano-ritorno\/\",\"url\":\"https:\/\/www.bikehome.com\/italiano-ritorno\/\",\"name\":\"[:it]Ritorno[:] - Motorrad Faltgarage - Made in Germany | BIKEHOME\",\"isPartOf\":{\"@id\":\"https:\/\/www.bikehome.com\/#website\"},\"datePublished\":\"2019-01-03T22:01:48+00:00\",\"breadcrumb\":{\"@id\":\"https:\/\/www.bikehome.com\/italiano-ritorno\/#breadcrumb\"},\"inLanguage\":\"en-GB\",\"potentialAction\":[{\"@type\":\"ReadAction\",\"target\":[\"https:\/\/www.bikehome.com\/italiano-ritorno\/\"]}]},{\"@type\":\"BreadcrumbList\",\"@id\":\"https:\/\/www.bikehome.com\/italiano-ritorno\/#breadcrumb\",\"itemListElement\":[{\"@type\":\"ListItem\",\"position\":1,\"name\":\"Startseite\",\"item\":\"https:\/\/www.bikehome.com\/\"},{\"@type\":\"ListItem\",\"position\":2,\"name\":\"[:it]Ritorno[:]\"}]},{\"@type\":\"WebSite\",\"@id\":\"https:\/\/www.bikehome.com\/#website\",\"url\":\"https:\/\/www.bikehome.com\/\",\"name\":\"Motorrad Faltgarage - Made in Germany | BIKEHOME\",\"description\":\"\",\"publisher\":{\"@id\":\"https:\/\/www.bikehome.com\/#organization\"},\"potentialAction\":[{\"@type\":\"SearchAction\",\"target\":{\"@type\":\"EntryPoint\",\"urlTemplate\":\"https:\/\/www.bikehome.com\/?s={search_term_string}\"},\"query-input\":{\"@type\":\"PropertyValueSpecification\",\"valueRequired\":true,\"valueName\":\"search_term_string\"}}],\"inLanguage\":\"en-GB\"},{\"@type\":\"Organization\",\"@id\":\"https:\/\/www.bikehome.com\/#organization\",\"name\":\"Motorrad Faltgarage - Made in Germany | BIKEHOME\",\"url\":\"https:\/\/www.bikehome.com\/\",\"logo\":{\"@type\":\"ImageObject\",\"inLanguage\":\"en-GB\",\"@id\":\"https:\/\/www.bikehome.com\/#\/schema\/logo\/image\/\",\"url\":\"https:\/\/www.bikehome.com\/wp-content\/uploads\/2017\/12\/cropped-BIKEHOME-Logo.png\",\"contentUrl\":\"https:\/\/www.bikehome.com\/wp-content\/uploads\/2017\/12\/cropped-BIKEHOME-Logo.png\",\"width\":291,\"height\":53,\"caption\":\"Motorrad Faltgarage - Made in Germany | BIKEHOME\"},\"image\":{\"@id\":\"https:\/\/www.bikehome.com\/#\/schema\/logo\/image\/\"}}]}<\/script>\n<!-- \/ Yoast SEO plugin. -->","yoast_head_json":{"title":"[:it]Ritorno[:] - Motorrad Faltgarage - Made in Germany | BIKEHOME","robots":{"index":"index","follow":"follow","max-snippet":"max-snippet:-1","max-image-preview":"max-image-preview:large","max-video-preview":"max-video-preview:-1"},"canonical":"https:\/\/www.bikehome.com\/en\/italiano-ritorno\/","og_locale":"en_GB","og_type":"article","og_title":"[:it]Ritorno[:] - Motorrad Faltgarage - Made in Germany | BIKEHOME","og_description":"[:it]Vous pouvez utiliser votre droit d&#8216;utilisation dans les 14 jours sans donner de raisons. La p\u00e9riode commence le jour o\u00f9 vous avez un tiers nomm\u00e9 par vous, qui n&#8217;est pas le transporteur, a pris possession des derni\u00e8res marchandises. Pour respecter la date limite, l&#8217;envoi de la r\u00e9vocation est suffisant. Des explications suppl\u00e9mentaires et des informations [&hellip;]","og_url":"https:\/\/www.bikehome.com\/en\/italiano-ritorno\/","og_site_name":"Motorrad Faltgarage - Made in Germany | BIKEHOME","twitter_card":"summary_large_image","twitter_misc":{"Estimated reading time":"1 minute"},"schema":{"@context":"https:\/\/schema.org","@graph":[{"@type":"WebPage","@id":"https:\/\/www.bikehome.com\/italiano-ritorno\/","url":"https:\/\/www.bikehome.com\/italiano-ritorno\/","name":"[:it]Ritorno[:] - Motorrad Faltgarage - Made in Germany | BIKEHOME","isPartOf":{"@id":"https:\/\/www.bikehome.com\/#website"},"datePublished":"2019-01-03T22:01:48+00:00","breadcrumb":{"@id":"https:\/\/www.bikehome.com\/italiano-ritorno\/#breadcrumb"},"inLanguage":"en-GB","potentialAction":[{"@type":"ReadAction","target":["https:\/\/www.bikehome.com\/italiano-ritorno\/"]}]},{"@type":"BreadcrumbList","@id":"https:\/\/www.bikehome.com\/italiano-ritorno\/#breadcrumb","itemListElement":[{"@type":"ListItem","position":1,"name":"Startseite","item":"https:\/\/www.bikehome.com\/"},{"@type":"ListItem","position":2,"name":"[:it]Ritorno[:]"}]},{"@type":"WebSite","@id":"https:\/\/www.bikehome.com\/#website","url":"https:\/\/www.bikehome.com\/","name":"Motorrad Faltgarage - Made in Germany | BIKEHOME","description":"","publisher":{"@id":"https:\/\/www.bikehome.com\/#organization"},"potentialAction":[{"@type":"SearchAction","target":{"@type":"EntryPoint","urlTemplate":"https:\/\/www.bikehome.com\/?s={search_term_string}"},"query-input":{"@type":"PropertyValueSpecification","valueRequired":true,"valueName":"search_term_string"}}],"inLanguage":"en-GB"},{"@type":"Organization","@id":"https:\/\/www.bikehome.com\/#organization","name":"Motorrad Faltgarage - Made in Germany | BIKEHOME","url":"https:\/\/www.bikehome.com\/","logo":{"@type":"ImageObject","inLanguage":"en-GB","@id":"https:\/\/www.bikehome.com\/#\/schema\/logo\/image\/","url":"https:\/\/www.bikehome.com\/wp-content\/uploads\/2017\/12\/cropped-BIKEHOME-Logo.png","contentUrl":"https:\/\/www.bikehome.com\/wp-content\/uploads\/2017\/12\/cropped-BIKEHOME-Logo.png","width":291,"height":53,"caption":"Motorrad Faltgarage - Made in Germany | BIKEHOME"},"image":{"@id":"https:\/\/www.bikehome.com\/#\/schema\/logo\/image\/"}}]}},"_links":{"self":[{"href":"https:\/\/www.bikehome.com\/en\/wp-json\/wp\/v2\/pages\/4871","targetHints":{"allow":["GET"]}}],"collection":[{"href":"https:\/\/www.bikehome.com\/en\/wp-json\/wp\/v2\/pages"}],"about":[{"href":"https:\/\/www.bikehome.com\/en\/wp-json\/wp\/v2\/types\/page"}],"author":[{"embeddable":true,"href":"https:\/\/www.bikehome.com\/en\/wp-json\/wp\/v2\/users\/1"}],"replies":[{"embeddable":true,"href":"https:\/\/www.bikehome.com\/en\/wp-json\/wp\/v2\/comments?post=4871"}],"version-history":[{"count":1,"href":"https:\/\/www.bikehome.com\/en\/wp-json\/wp\/v2\/pages\/4871\/revisions"}],"predecessor-version":[{"id":4872,"href":"https:\/\/www.bikehome.com\/en\/wp-json\/wp\/v2\/pages\/4871\/revisions\/4872"}],"wp:attachment":[{"href":"https:\/\/www.bikehome.com\/en\/wp-json\/wp\/v2\/media?parent=4871"}],"curies":[{"name":"wp","href":"https:\/\/api.w.org\/{rel}","templated":true}]}}