{"id":4853,"date":"2019-01-03T21:58:30","date_gmt":"2019-01-03T21:58:30","guid":{"rendered":"https:\/\/www.bikehome.com\/?page_id=4853"},"modified":"2019-01-03T21:58:30","modified_gmt":"2019-01-03T21:58:30","slug":"francais-delai-de-livraison-et-envoi","status":"publish","type":"page","link":"https:\/\/www.bikehome.com\/en\/francais-delai-de-livraison-et-envoi\/","title":{"rendered":"[:fr]D\u00e9lai de livraison et envoi[:]"},"content":{"rendered":"<p>[:fr]La livraison ne prend que quelques jours ouvr\u00e9s. En cas de pr\u00e9paiement, nous effectuons l\u2019envoi d\u00e8s que nous avons re\u00e7u l\u2019argent sur notre compte. En cas de paiement par PayPal ou d\u2019achat sur facture, l\u2019envoi a g\u00e9n\u00e9ralement lieu le jour ouvr\u00e9 suivant. Le d\u00e9lai de livraison par GLS est de 1 \u00e0 3 jours ouvr\u00e9s.<\/p>\n<p>Vous pouvez payer directement ici les commandes pay\u00e9es par Paypal, ou vous recevez par courriel un lien contenant une demande de paiement et la confirmation de commande dans les 24h. L\u2019envoi a g\u00e9n\u00e9ralement lieu, suivant l\u2019heure, le jour m\u00eame ou le jour ouvr\u00e9 suivant.<\/p>\n<p>En cas de commande pay\u00e9e par paiement, nous vous envoyons g\u00e9n\u00e9ralement la marchandise apr\u00e8s r\u00e9ception du paiement sur notre compte.<\/p>\n<p><img decoding=\"async\" class=\"size-full wp-image-353 alignnone\" src=\"https:\/\/www.bikehome.com\/wp-content\/uploads\/2015\/03\/bikehome-versand.jpg\" alt=\"\" width=\"120\" height=\"36\" \/><\/p>\n<p><img fetchpriority=\"high\" decoding=\"async\" class=\"alignleft wp-image-580 size-medium\" src=\"http:\/\/www.bikehome.com\/wp-content\/uploads\/2015\/11\/bikehome-paket-300x240.jpg\" alt=\"bikehome-produktion1\" width=\"300\" height=\"240\" srcset=\"https:\/\/www.bikehome.com\/wp-content\/uploads\/2015\/11\/bikehome-paket-300x240.jpg 300w, https:\/\/www.bikehome.com\/wp-content\/uploads\/2015\/11\/bikehome-paket-1024x819.jpg 1024w, https:\/\/www.bikehome.com\/wp-content\/uploads\/2015\/11\/bikehome-paket-700x560.jpg 700w, https:\/\/www.bikehome.com\/wp-content\/uploads\/2015\/11\/bikehome-paket-332x266.jpg 332w, https:\/\/www.bikehome.com\/wp-content\/uploads\/2015\/11\/bikehome-paket.jpg 1280w\" sizes=\"(max-width: 300px) 100vw, 300px\" \/>[:]<\/p>\n","protected":false},"excerpt":{"rendered":"<p>[:fr]La livraison ne prend que quelques jours ouvr\u00e9s. En cas de pr\u00e9paiement, nous effectuons l\u2019envoi d\u00e8s que nous avons re\u00e7u l\u2019argent sur notre compte. En cas de paiement par PayPal ou d\u2019achat sur facture, l\u2019envoi a g\u00e9n\u00e9ralement lieu le jour ouvr\u00e9 suivant. Le d\u00e9lai de livraison par GLS est de 1 \u00e0 3 jours ouvr\u00e9s. [&hellip;]<\/p>\n","protected":false},"author":1,"featured_media":0,"parent":0,"menu_order":0,"comment_status":"closed","ping_status":"closed","template":"","meta":{"site-sidebar-layout":"default","site-content-layout":"default","ast-site-content-layout":"default","site-content-style":"default","site-sidebar-style":"default","ast-global-header-display":"","ast-banner-title-visibility":"","ast-main-header-display":"","ast-hfb-above-header-display":"","ast-hfb-below-header-display":"","ast-hfb-mobile-header-display":"","site-post-title":"","ast-breadcrumbs-content":"","ast-featured-img":"","footer-sml-layout":"","ast-disable-related-posts":"","theme-transparent-header-meta":"","adv-header-id-meta":"","stick-header-meta":"","header-above-stick-meta":"","header-main-stick-meta":"","header-below-stick-meta":"","astra-migrate-meta-layouts":"default","ast-page-background-enabled":"default","ast-page-background-meta":{"desktop":{"background-color":"","background-image":"","background-repeat":"repeat","background-position":"center center","background-size":"auto","background-attachment":"scroll","background-type":"","background-media":"","overlay-type":"","overlay-color":"","overlay-opacity":"","overlay-gradient":""},"tablet":{"background-color":"","background-image":"","background-repeat":"repeat","background-position":"center center","background-size":"auto","background-attachment":"scroll","background-type":"","background-media":"","overlay-type":"","overlay-color":"","overlay-opacity":"","overlay-gradient":""},"mobile":{"background-color":"","background-image":"","background-repeat":"repeat","background-position":"center center","background-size":"auto","background-attachment":"scroll","background-type":"","background-media":"","overlay-type":"","overlay-color":"","overlay-opacity":"","overlay-gradient":""}},"ast-content-background-meta":{"desktop":{"background-color":"var(--ast-global-color-5)","background-image":"","background-repeat":"repeat","background-position":"center center","background-size":"auto","background-attachment":"scroll","background-type":"","background-media":"","overlay-type":"","overlay-color":"","overlay-opacity":"","overlay-gradient":""},"tablet":{"background-color":"var(--ast-global-color-5)","background-image":"","background-repeat":"repeat","background-position":"center center","background-size":"auto","background-attachment":"scroll","background-type":"","background-media":"","overlay-type":"","overlay-color":"","overlay-opacity":"","overlay-gradient":""},"mobile":{"background-color":"var(--ast-global-color-5)","background-image":"","background-repeat":"repeat","background-position":"center center","background-size":"auto","background-attachment":"scroll","background-type":"","background-media":"","overlay-type":"","overlay-color":"","overlay-opacity":"","overlay-gradient":""}},"footnotes":""},"class_list":["post-4853","page","type-page","status-publish","hentry"],"yoast_head":"<!-- This site is optimized with the Yoast SEO plugin v27.1.1 - https:\/\/yoast.com\/product\/yoast-seo-wordpress\/ -->\n<title>[:fr]D\u00e9lai de livraison et envoi[:] - Motorrad Faltgarage - Made in Germany | BIKEHOME<\/title>\n<meta name=\"robots\" content=\"index, follow, max-snippet:-1, max-image-preview:large, max-video-preview:-1\" \/>\n<link rel=\"canonical\" href=\"https:\/\/www.bikehome.com\/en\/francais-delai-de-livraison-et-envoi\/\" \/>\n<meta property=\"og:locale\" content=\"en_GB\" \/>\n<meta property=\"og:type\" content=\"article\" \/>\n<meta property=\"og:title\" content=\"[:fr]D\u00e9lai de livraison et envoi[:] - Motorrad Faltgarage - Made in Germany | BIKEHOME\" \/>\n<meta property=\"og:description\" content=\"[:fr]La livraison ne prend que quelques jours ouvr\u00e9s. En cas de pr\u00e9paiement, nous effectuons l\u2019envoi d\u00e8s que nous avons re\u00e7u l\u2019argent sur notre compte. En cas de paiement par PayPal ou d\u2019achat sur facture, l\u2019envoi a g\u00e9n\u00e9ralement lieu le jour ouvr\u00e9 suivant. Le d\u00e9lai de livraison par GLS est de 1 \u00e0 3 jours ouvr\u00e9s. [&hellip;]\" \/>\n<meta property=\"og:url\" content=\"https:\/\/www.bikehome.com\/en\/francais-delai-de-livraison-et-envoi\/\" \/>\n<meta property=\"og:site_name\" content=\"Motorrad Faltgarage - Made in Germany | BIKEHOME\" \/>\n<meta property=\"og:image\" content=\"https:\/\/www.bikehome.com\/wp-content\/uploads\/2015\/03\/bikehome-versand.jpg\" \/>\n<meta name=\"twitter:card\" content=\"summary_large_image\" \/>\n<meta name=\"twitter:label1\" content=\"Estimated reading time\" \/>\n\t<meta name=\"twitter:data1\" content=\"1 minute\" \/>\n<script type=\"application\/ld+json\" class=\"yoast-schema-graph\">{\"@context\":\"https:\/\/schema.org\",\"@graph\":[{\"@type\":\"WebPage\",\"@id\":\"https:\/\/www.bikehome.com\/francais-delai-de-livraison-et-envoi\/\",\"url\":\"https:\/\/www.bikehome.com\/francais-delai-de-livraison-et-envoi\/\",\"name\":\"[:fr]D\u00e9lai de livraison et envoi[:] - Motorrad Faltgarage - Made in Germany | BIKEHOME\",\"isPartOf\":{\"@id\":\"https:\/\/www.bikehome.com\/#website\"},\"primaryImageOfPage\":{\"@id\":\"https:\/\/www.bikehome.com\/francais-delai-de-livraison-et-envoi\/#primaryimage\"},\"image\":{\"@id\":\"https:\/\/www.bikehome.com\/francais-delai-de-livraison-et-envoi\/#primaryimage\"},\"thumbnailUrl\":\"https:\/\/www.bikehome.com\/wp-content\/uploads\/2015\/03\/bikehome-versand.jpg\",\"datePublished\":\"2019-01-03T21:58:30+00:00\",\"breadcrumb\":{\"@id\":\"https:\/\/www.bikehome.com\/francais-delai-de-livraison-et-envoi\/#breadcrumb\"},\"inLanguage\":\"en-GB\",\"potentialAction\":[{\"@type\":\"ReadAction\",\"target\":[\"https:\/\/www.bikehome.com\/francais-delai-de-livraison-et-envoi\/\"]}]},{\"@type\":\"ImageObject\",\"inLanguage\":\"en-GB\",\"@id\":\"https:\/\/www.bikehome.com\/francais-delai-de-livraison-et-envoi\/#primaryimage\",\"url\":\"https:\/\/www.bikehome.com\/wp-content\/uploads\/2015\/03\/bikehome-versand.jpg\",\"contentUrl\":\"https:\/\/www.bikehome.com\/wp-content\/uploads\/2015\/03\/bikehome-versand.jpg\"},{\"@type\":\"BreadcrumbList\",\"@id\":\"https:\/\/www.bikehome.com\/francais-delai-de-livraison-et-envoi\/#breadcrumb\",\"itemListElement\":[{\"@type\":\"ListItem\",\"position\":1,\"name\":\"Startseite\",\"item\":\"https:\/\/www.bikehome.com\/\"},{\"@type\":\"ListItem\",\"position\":2,\"name\":\"[:fr]D\u00e9lai de livraison et envoi[:]\"}]},{\"@type\":\"WebSite\",\"@id\":\"https:\/\/www.bikehome.com\/#website\",\"url\":\"https:\/\/www.bikehome.com\/\",\"name\":\"Motorrad Faltgarage - Made in Germany | BIKEHOME\",\"description\":\"\",\"publisher\":{\"@id\":\"https:\/\/www.bikehome.com\/#organization\"},\"potentialAction\":[{\"@type\":\"SearchAction\",\"target\":{\"@type\":\"EntryPoint\",\"urlTemplate\":\"https:\/\/www.bikehome.com\/?s={search_term_string}\"},\"query-input\":{\"@type\":\"PropertyValueSpecification\",\"valueRequired\":true,\"valueName\":\"search_term_string\"}}],\"inLanguage\":\"en-GB\"},{\"@type\":\"Organization\",\"@id\":\"https:\/\/www.bikehome.com\/#organization\",\"name\":\"Motorrad Faltgarage - Made in Germany | BIKEHOME\",\"url\":\"https:\/\/www.bikehome.com\/\",\"logo\":{\"@type\":\"ImageObject\",\"inLanguage\":\"en-GB\",\"@id\":\"https:\/\/www.bikehome.com\/#\/schema\/logo\/image\/\",\"url\":\"https:\/\/www.bikehome.com\/wp-content\/uploads\/2017\/12\/cropped-BIKEHOME-Logo.png\",\"contentUrl\":\"https:\/\/www.bikehome.com\/wp-content\/uploads\/2017\/12\/cropped-BIKEHOME-Logo.png\",\"width\":291,\"height\":53,\"caption\":\"Motorrad Faltgarage - Made in Germany | BIKEHOME\"},\"image\":{\"@id\":\"https:\/\/www.bikehome.com\/#\/schema\/logo\/image\/\"}}]}<\/script>\n<!-- \/ Yoast SEO plugin. -->","yoast_head_json":{"title":"[:fr]D\u00e9lai de livraison et envoi[:] - Motorrad Faltgarage - Made in Germany | BIKEHOME","robots":{"index":"index","follow":"follow","max-snippet":"max-snippet:-1","max-image-preview":"max-image-preview:large","max-video-preview":"max-video-preview:-1"},"canonical":"https:\/\/www.bikehome.com\/en\/francais-delai-de-livraison-et-envoi\/","og_locale":"en_GB","og_type":"article","og_title":"[:fr]D\u00e9lai de livraison et envoi[:] - Motorrad Faltgarage - Made in Germany | BIKEHOME","og_description":"[:fr]La livraison ne prend que quelques jours ouvr\u00e9s. En cas de pr\u00e9paiement, nous effectuons l\u2019envoi d\u00e8s que nous avons re\u00e7u l\u2019argent sur notre compte. En cas de paiement par PayPal ou d\u2019achat sur facture, l\u2019envoi a g\u00e9n\u00e9ralement lieu le jour ouvr\u00e9 suivant. Le d\u00e9lai de livraison par GLS est de 1 \u00e0 3 jours ouvr\u00e9s. [&hellip;]","og_url":"https:\/\/www.bikehome.com\/en\/francais-delai-de-livraison-et-envoi\/","og_site_name":"Motorrad Faltgarage - Made in Germany | BIKEHOME","og_image":[{"url":"https:\/\/www.bikehome.com\/wp-content\/uploads\/2015\/03\/bikehome-versand.jpg","type":"","width":"","height":""}],"twitter_card":"summary_large_image","twitter_misc":{"Estimated reading time":"1 minute"},"schema":{"@context":"https:\/\/schema.org","@graph":[{"@type":"WebPage","@id":"https:\/\/www.bikehome.com\/francais-delai-de-livraison-et-envoi\/","url":"https:\/\/www.bikehome.com\/francais-delai-de-livraison-et-envoi\/","name":"[:fr]D\u00e9lai de livraison et envoi[:] - Motorrad Faltgarage - Made in Germany | BIKEHOME","isPartOf":{"@id":"https:\/\/www.bikehome.com\/#website"},"primaryImageOfPage":{"@id":"https:\/\/www.bikehome.com\/francais-delai-de-livraison-et-envoi\/#primaryimage"},"image":{"@id":"https:\/\/www.bikehome.com\/francais-delai-de-livraison-et-envoi\/#primaryimage"},"thumbnailUrl":"https:\/\/www.bikehome.com\/wp-content\/uploads\/2015\/03\/bikehome-versand.jpg","datePublished":"2019-01-03T21:58:30+00:00","breadcrumb":{"@id":"https:\/\/www.bikehome.com\/francais-delai-de-livraison-et-envoi\/#breadcrumb"},"inLanguage":"en-GB","potentialAction":[{"@type":"ReadAction","target":["https:\/\/www.bikehome.com\/francais-delai-de-livraison-et-envoi\/"]}]},{"@type":"ImageObject","inLanguage":"en-GB","@id":"https:\/\/www.bikehome.com\/francais-delai-de-livraison-et-envoi\/#primaryimage","url":"https:\/\/www.bikehome.com\/wp-content\/uploads\/2015\/03\/bikehome-versand.jpg","contentUrl":"https:\/\/www.bikehome.com\/wp-content\/uploads\/2015\/03\/bikehome-versand.jpg"},{"@type":"BreadcrumbList","@id":"https:\/\/www.bikehome.com\/francais-delai-de-livraison-et-envoi\/#breadcrumb","itemListElement":[{"@type":"ListItem","position":1,"name":"Startseite","item":"https:\/\/www.bikehome.com\/"},{"@type":"ListItem","position":2,"name":"[:fr]D\u00e9lai de livraison et envoi[:]"}]},{"@type":"WebSite","@id":"https:\/\/www.bikehome.com\/#website","url":"https:\/\/www.bikehome.com\/","name":"Motorrad Faltgarage - Made in Germany | BIKEHOME","description":"","publisher":{"@id":"https:\/\/www.bikehome.com\/#organization"},"potentialAction":[{"@type":"SearchAction","target":{"@type":"EntryPoint","urlTemplate":"https:\/\/www.bikehome.com\/?s={search_term_string}"},"query-input":{"@type":"PropertyValueSpecification","valueRequired":true,"valueName":"search_term_string"}}],"inLanguage":"en-GB"},{"@type":"Organization","@id":"https:\/\/www.bikehome.com\/#organization","name":"Motorrad Faltgarage - Made in Germany | BIKEHOME","url":"https:\/\/www.bikehome.com\/","logo":{"@type":"ImageObject","inLanguage":"en-GB","@id":"https:\/\/www.bikehome.com\/#\/schema\/logo\/image\/","url":"https:\/\/www.bikehome.com\/wp-content\/uploads\/2017\/12\/cropped-BIKEHOME-Logo.png","contentUrl":"https:\/\/www.bikehome.com\/wp-content\/uploads\/2017\/12\/cropped-BIKEHOME-Logo.png","width":291,"height":53,"caption":"Motorrad Faltgarage - Made in Germany | BIKEHOME"},"image":{"@id":"https:\/\/www.bikehome.com\/#\/schema\/logo\/image\/"}}]}},"_links":{"self":[{"href":"https:\/\/www.bikehome.com\/en\/wp-json\/wp\/v2\/pages\/4853","targetHints":{"allow":["GET"]}}],"collection":[{"href":"https:\/\/www.bikehome.com\/en\/wp-json\/wp\/v2\/pages"}],"about":[{"href":"https:\/\/www.bikehome.com\/en\/wp-json\/wp\/v2\/types\/page"}],"author":[{"embeddable":true,"href":"https:\/\/www.bikehome.com\/en\/wp-json\/wp\/v2\/users\/1"}],"replies":[{"embeddable":true,"href":"https:\/\/www.bikehome.com\/en\/wp-json\/wp\/v2\/comments?post=4853"}],"version-history":[{"count":1,"href":"https:\/\/www.bikehome.com\/en\/wp-json\/wp\/v2\/pages\/4853\/revisions"}],"predecessor-version":[{"id":4854,"href":"https:\/\/www.bikehome.com\/en\/wp-json\/wp\/v2\/pages\/4853\/revisions\/4854"}],"wp:attachment":[{"href":"https:\/\/www.bikehome.com\/en\/wp-json\/wp\/v2\/media?parent=4853"}],"curies":[{"name":"wp","href":"https:\/\/api.w.org\/{rel}","templated":true}]}}