{"id":4833,"date":"2019-01-03T21:53:00","date_gmt":"2019-01-03T21:53:00","guid":{"rendered":"https:\/\/www.bikehome.com\/?page_id=4833"},"modified":"2020-10-28T08:17:27","modified_gmt":"2020-10-28T08:17:27","slug":"espanol-pago-completado","status":"publish","type":"page","link":"https:\/\/www.bikehome.com\/en\/espanol-pago-completado\/","title":{"rendered":"Pago completado"},"content":{"rendered":"<p>\u00a1Gracias por tu pago!<\/p>\n<p>En las pr\u00f3ximas 24 horas, recibir\u00e1 una confirmaci\u00f3n del pedido y la informaci\u00f3n sobre el env\u00edo.<\/p>\n<p>\u00a1Espero que te diviertas con BIKEHOME!<\/p>","protected":false},"excerpt":{"rendered":"<p>\u00a1Gracias por tu pago! En las pr\u00f3ximas 24 horas, recibir\u00e1 una confirmaci\u00f3n del pedido y la informaci\u00f3n sobre el env\u00edo. \u00a1Espero que te diviertas con BIKEHOME!<\/p>","protected":false},"author":1,"featured_media":0,"parent":0,"menu_order":0,"comment_status":"closed","ping_status":"closed","template":"","meta":{"site-sidebar-layout":"default","site-content-layout":"default","ast-site-content-layout":"default","site-content-style":"default","site-sidebar-style":"default","ast-global-header-display":"","ast-banner-title-visibility":"","ast-main-header-display":"disabled","ast-hfb-above-header-display":"","ast-hfb-below-header-display":"","ast-hfb-mobile-header-display":"","site-post-title":"","ast-breadcrumbs-content":"","ast-featured-img":"","footer-sml-layout":"","ast-disable-related-posts":"","theme-transparent-header-meta":"","adv-header-id-meta":"","stick-header-meta":"","header-above-stick-meta":"","header-main-stick-meta":"","header-below-stick-meta":"","astra-migrate-meta-layouts":"default","ast-page-background-enabled":"default","ast-page-background-meta":{"desktop":{"background-color":"","background-image":"","background-repeat":"repeat","background-position":"center center","background-size":"auto","background-attachment":"scroll","background-type":"","background-media":"","overlay-type":"","overlay-color":"","overlay-opacity":"","overlay-gradient":""},"tablet":{"background-color":"","background-image":"","background-repeat":"repeat","background-position":"center center","background-size":"auto","background-attachment":"scroll","background-type":"","background-media":"","overlay-type":"","overlay-color":"","overlay-opacity":"","overlay-gradient":""},"mobile":{"background-color":"","background-image":"","background-repeat":"repeat","background-position":"center center","background-size":"auto","background-attachment":"scroll","background-type":"","background-media":"","overlay-type":"","overlay-color":"","overlay-opacity":"","overlay-gradient":""}},"ast-content-background-meta":{"desktop":{"background-color":"var(--ast-global-color-5)","background-image":"","background-repeat":"repeat","background-position":"center center","background-size":"auto","background-attachment":"scroll","background-type":"","background-media":"","overlay-type":"","overlay-color":"","overlay-opacity":"","overlay-gradient":""},"tablet":{"background-color":"var(--ast-global-color-5)","background-image":"","background-repeat":"repeat","background-position":"center center","background-size":"auto","background-attachment":"scroll","background-type":"","background-media":"","overlay-type":"","overlay-color":"","overlay-opacity":"","overlay-gradient":""},"mobile":{"background-color":"var(--ast-global-color-5)","background-image":"","background-repeat":"repeat","background-position":"center center","background-size":"auto","background-attachment":"scroll","background-type":"","background-media":"","overlay-type":"","overlay-color":"","overlay-opacity":"","overlay-gradient":""}},"footnotes":""},"class_list":["post-4833","page","type-page","status-publish","hentry"],"yoast_head":"<!-- This site is optimized with the Yoast SEO plugin v27.1.1 - https:\/\/yoast.com\/product\/yoast-seo-wordpress\/ -->\n<title>Pago completado - Motorrad Faltgarage - Made in Germany | BIKEHOME<\/title>\n<meta name=\"robots\" content=\"index, follow, max-snippet:-1, max-image-preview:large, max-video-preview:-1\" \/>\n<link rel=\"canonical\" href=\"https:\/\/www.bikehome.com\/en\/espanol-pago-completado\/\" \/>\n<meta property=\"og:locale\" content=\"en_GB\" \/>\n<meta property=\"og:type\" content=\"article\" \/>\n<meta property=\"og:title\" content=\"Pago completado - Motorrad Faltgarage - Made in Germany | BIKEHOME\" \/>\n<meta property=\"og:description\" content=\"\u00a1Gracias por tu pago! En las pr\u00f3ximas 24 horas, recibir\u00e1 una confirmaci\u00f3n del pedido y la informaci\u00f3n sobre el env\u00edo. \u00a1Espero que te diviertas con BIKEHOME!\" \/>\n<meta property=\"og:url\" content=\"https:\/\/www.bikehome.com\/en\/espanol-pago-completado\/\" \/>\n<meta property=\"og:site_name\" content=\"Motorrad Faltgarage - Made in Germany | BIKEHOME\" \/>\n<meta property=\"article:modified_time\" content=\"2020-10-28T08:17:27+00:00\" \/>\n<meta name=\"twitter:card\" content=\"summary_large_image\" \/>\n<script type=\"application\/ld+json\" class=\"yoast-schema-graph\">{\"@context\":\"https:\/\/schema.org\",\"@graph\":[{\"@type\":\"WebPage\",\"@id\":\"https:\/\/www.bikehome.com\/espanol-pago-completado\/\",\"url\":\"https:\/\/www.bikehome.com\/espanol-pago-completado\/\",\"name\":\"Pago completado - Motorrad Faltgarage - Made in Germany | BIKEHOME\",\"isPartOf\":{\"@id\":\"https:\/\/www.bikehome.com\/#website\"},\"datePublished\":\"2019-01-03T21:53:00+00:00\",\"dateModified\":\"2020-10-28T08:17:27+00:00\",\"breadcrumb\":{\"@id\":\"https:\/\/www.bikehome.com\/espanol-pago-completado\/#breadcrumb\"},\"inLanguage\":\"en-GB\",\"potentialAction\":[{\"@type\":\"ReadAction\",\"target\":[\"https:\/\/www.bikehome.com\/espanol-pago-completado\/\"]}]},{\"@type\":\"BreadcrumbList\",\"@id\":\"https:\/\/www.bikehome.com\/espanol-pago-completado\/#breadcrumb\",\"itemListElement\":[{\"@type\":\"ListItem\",\"position\":1,\"name\":\"Startseite\",\"item\":\"https:\/\/www.bikehome.com\/\"},{\"@type\":\"ListItem\",\"position\":2,\"name\":\"Pago completado\"}]},{\"@type\":\"WebSite\",\"@id\":\"https:\/\/www.bikehome.com\/#website\",\"url\":\"https:\/\/www.bikehome.com\/\",\"name\":\"Motorrad Faltgarage - Made in Germany | BIKEHOME\",\"description\":\"\",\"publisher\":{\"@id\":\"https:\/\/www.bikehome.com\/#organization\"},\"potentialAction\":[{\"@type\":\"SearchAction\",\"target\":{\"@type\":\"EntryPoint\",\"urlTemplate\":\"https:\/\/www.bikehome.com\/?s={search_term_string}\"},\"query-input\":{\"@type\":\"PropertyValueSpecification\",\"valueRequired\":true,\"valueName\":\"search_term_string\"}}],\"inLanguage\":\"en-GB\"},{\"@type\":\"Organization\",\"@id\":\"https:\/\/www.bikehome.com\/#organization\",\"name\":\"Motorrad Faltgarage - Made in Germany | BIKEHOME\",\"url\":\"https:\/\/www.bikehome.com\/\",\"logo\":{\"@type\":\"ImageObject\",\"inLanguage\":\"en-GB\",\"@id\":\"https:\/\/www.bikehome.com\/#\/schema\/logo\/image\/\",\"url\":\"https:\/\/www.bikehome.com\/wp-content\/uploads\/2017\/12\/cropped-BIKEHOME-Logo.png\",\"contentUrl\":\"https:\/\/www.bikehome.com\/wp-content\/uploads\/2017\/12\/cropped-BIKEHOME-Logo.png\",\"width\":291,\"height\":53,\"caption\":\"Motorrad Faltgarage - Made in Germany | BIKEHOME\"},\"image\":{\"@id\":\"https:\/\/www.bikehome.com\/#\/schema\/logo\/image\/\"}}]}<\/script>\n<!-- \/ Yoast SEO plugin. -->","yoast_head_json":{"title":"Pago completado - Motorrad Faltgarage - Made in Germany | BIKEHOME","robots":{"index":"index","follow":"follow","max-snippet":"max-snippet:-1","max-image-preview":"max-image-preview:large","max-video-preview":"max-video-preview:-1"},"canonical":"https:\/\/www.bikehome.com\/en\/espanol-pago-completado\/","og_locale":"en_GB","og_type":"article","og_title":"Pago completado - Motorrad Faltgarage - Made in Germany | BIKEHOME","og_description":"\u00a1Gracias por tu pago! En las pr\u00f3ximas 24 horas, recibir\u00e1 una confirmaci\u00f3n del pedido y la informaci\u00f3n sobre el env\u00edo. \u00a1Espero que te diviertas con BIKEHOME!","og_url":"https:\/\/www.bikehome.com\/en\/espanol-pago-completado\/","og_site_name":"Motorrad Faltgarage - Made in Germany | BIKEHOME","article_modified_time":"2020-10-28T08:17:27+00:00","twitter_card":"summary_large_image","schema":{"@context":"https:\/\/schema.org","@graph":[{"@type":"WebPage","@id":"https:\/\/www.bikehome.com\/espanol-pago-completado\/","url":"https:\/\/www.bikehome.com\/espanol-pago-completado\/","name":"Pago completado - Motorrad Faltgarage - Made in Germany | BIKEHOME","isPartOf":{"@id":"https:\/\/www.bikehome.com\/#website"},"datePublished":"2019-01-03T21:53:00+00:00","dateModified":"2020-10-28T08:17:27+00:00","breadcrumb":{"@id":"https:\/\/www.bikehome.com\/espanol-pago-completado\/#breadcrumb"},"inLanguage":"en-GB","potentialAction":[{"@type":"ReadAction","target":["https:\/\/www.bikehome.com\/espanol-pago-completado\/"]}]},{"@type":"BreadcrumbList","@id":"https:\/\/www.bikehome.com\/espanol-pago-completado\/#breadcrumb","itemListElement":[{"@type":"ListItem","position":1,"name":"Startseite","item":"https:\/\/www.bikehome.com\/"},{"@type":"ListItem","position":2,"name":"Pago completado"}]},{"@type":"WebSite","@id":"https:\/\/www.bikehome.com\/#website","url":"https:\/\/www.bikehome.com\/","name":"Motorrad Faltgarage - Made in Germany | BIKEHOME","description":"","publisher":{"@id":"https:\/\/www.bikehome.com\/#organization"},"potentialAction":[{"@type":"SearchAction","target":{"@type":"EntryPoint","urlTemplate":"https:\/\/www.bikehome.com\/?s={search_term_string}"},"query-input":{"@type":"PropertyValueSpecification","valueRequired":true,"valueName":"search_term_string"}}],"inLanguage":"en-GB"},{"@type":"Organization","@id":"https:\/\/www.bikehome.com\/#organization","name":"Motorrad Faltgarage - Made in Germany | BIKEHOME","url":"https:\/\/www.bikehome.com\/","logo":{"@type":"ImageObject","inLanguage":"en-GB","@id":"https:\/\/www.bikehome.com\/#\/schema\/logo\/image\/","url":"https:\/\/www.bikehome.com\/wp-content\/uploads\/2017\/12\/cropped-BIKEHOME-Logo.png","contentUrl":"https:\/\/www.bikehome.com\/wp-content\/uploads\/2017\/12\/cropped-BIKEHOME-Logo.png","width":291,"height":53,"caption":"Motorrad Faltgarage - Made in Germany | BIKEHOME"},"image":{"@id":"https:\/\/www.bikehome.com\/#\/schema\/logo\/image\/"}}]}},"_links":{"self":[{"href":"https:\/\/www.bikehome.com\/en\/wp-json\/wp\/v2\/pages\/4833","targetHints":{"allow":["GET"]}}],"collection":[{"href":"https:\/\/www.bikehome.com\/en\/wp-json\/wp\/v2\/pages"}],"about":[{"href":"https:\/\/www.bikehome.com\/en\/wp-json\/wp\/v2\/types\/page"}],"author":[{"embeddable":true,"href":"https:\/\/www.bikehome.com\/en\/wp-json\/wp\/v2\/users\/1"}],"replies":[{"embeddable":true,"href":"https:\/\/www.bikehome.com\/en\/wp-json\/wp\/v2\/comments?post=4833"}],"version-history":[{"count":2,"href":"https:\/\/www.bikehome.com\/en\/wp-json\/wp\/v2\/pages\/4833\/revisions"}],"predecessor-version":[{"id":6960,"href":"https:\/\/www.bikehome.com\/en\/wp-json\/wp\/v2\/pages\/4833\/revisions\/6960"}],"wp:attachment":[{"href":"https:\/\/www.bikehome.com\/en\/wp-json\/wp\/v2\/media?parent=4833"}],"curies":[{"name":"wp","href":"https:\/\/api.w.org\/{rel}","templated":true}]}}