{"id":4768,"date":"2019-01-03T21:33:24","date_gmt":"2019-01-03T21:33:24","guid":{"rendered":"https:\/\/www.bikehome.com\/?page_id=4768"},"modified":"2019-01-03T21:33:24","modified_gmt":"2019-01-03T21:33:24","slug":"francais-services-bikehome","status":"publish","type":"page","link":"https:\/\/www.bikehome.com\/en\/francais-services-bikehome\/","title":{"rendered":"[:fr]Services &#8211; BIKEHOME[:]"},"content":{"rendered":"<p>[:fr]<\/p>\n<h2><span style=\"color: #a81919;\">Questions &amp; R\u00e9ponses<br \/>\n<\/span><\/h2>\n<p><span style=\"color: #333333;\">Vous trouverez ici les r\u00e9ponses aux questions les plus fr\u00e9quentes<br \/>\n<\/span><\/p>\n<p><span style=\"color: #333333;\"><i class=\"wp-svg-arrow-right-2 arrow-right-2\"><\/i><a href=\"https:\/\/www.bikehome.com\/fr\/fragen\/\"><em> Aller aux questions et r\u00e9ponses<\/em><\/a><\/span><\/p>\n<h2><span style=\"color: #a81919;\">Instructions de montage<br \/>\n<\/span><\/h2>\n<p><span style=\"color: #333333;\">Vous pouvez t\u00e9l\u00e9charger ici les instructions de montage.<\/span><\/p>\n<p><span style=\"color: #333333;\"><i class=\"wp-svg-arrow-right-2 arrow-right-2\"><\/i><a href=\"https:\/\/www.bikehome.com\/wp-content\/uploads\/2016\/11\/BIKEHOME_Motorbike_Shelter_Introduction.pdf\" target=\"_blank\" rel=\"noopener\"><em> T\u00e9l\u00e9harger<\/em><\/a><\/span><\/p>\n<h2><span style=\"color: #a81919;\">Conseils d\u2018entretien<\/span><\/h2>\n<p><span style=\"color: #333333;\">Pour garantir une longue dur\u00e9e de vie de la b\u00e2che, vous devez nettoyer le garage \u00e0 moto r\u00e9guli\u00e8rement. Pour cela, nous vous recommandons de n\u2019utiliser que des solutions savonneuses douces et de bien rincer. Les autres produits de nettoyages risquent d\u2019ab\u00eemer la b\u00e2che en PVC !<\/span><\/p>\n<h2><span style=\"color: #a81919;\">Donn\u00e9es techniques<br \/>\n<\/span><\/h2>\n<p><span style=\"color: #333333;\">Longueur : 280 cm \/ Largeur : 110 cm \/ Hauteur : 160 cm<br \/>\nEspacement du plancher : 108 cm<\/span><\/p>\n<p><em><i class=\"wp-svg-arrow-right-2 arrow-right-2\"><\/i> <a title=\"bikehome-laengen-und-hoehenmassskizze\" href=\"https:\/\/www.bikehome.com\/wp-content\/uploads\/2015\/02\/lhms.jpg\" target=\"_blank\" rel=\"noopener\">Size diagram<\/a><\/em><\/p>\n<h2><span style=\"color: #a81919;\">Ma moto passe-t-elle ?<br \/>\n<\/span><\/h2>\n<p>Vous voulez savoir si votre moto passe sous le garage BIKEHOME ? Demandez-le nous, tout simplement. Le garage \u00e0 moto BIKEHOME est adapt\u00e9 \u00e0 presque toutes les motos courantes, \u00e0 l\u2019exception de celles dont le top case est grand et haut.<\/p>\n<p><em><i class=\"wp-svg-arrow-right-2 arrow-right-2\"><\/i> <a href=\"https:\/\/www.bikehome.com\/fr\/groessenanfrage\/\">Faire un test maintenant !<\/a><\/em><\/p>\n<h2><span style=\"color: #a81919;\">Formulaire de contact<br \/>\n<\/span><\/h2>\n<p>Si vous avez des questions, des remarques ou des suggestions, \u00e9crivez-nous. Nous r\u00e9pondons vite. Nous nous r\u00e9jouissons par avance de vous lire.<\/p>\n<p><em><i class=\"wp-svg-arrow-right-2 arrow-right-2\"><\/i> <a title=\"Kontaktformular\" href=\"https:\/\/www.bikehome.com\/fr\/kontaktformular\/\" rel=\"noopener\">Vers le formulaire de contact<\/a><\/em>[:]<\/p>\n","protected":false},"excerpt":{"rendered":"<p>[:fr] Questions &amp; R\u00e9ponses Vous trouverez ici les r\u00e9ponses aux questions les plus fr\u00e9quentes Aller aux questions et r\u00e9ponses Instructions de montage Vous pouvez t\u00e9l\u00e9charger ici les instructions de montage. T\u00e9l\u00e9harger Conseils d\u2018entretien Pour garantir une longue dur\u00e9e de vie de la b\u00e2che, vous devez nettoyer le garage \u00e0 moto r\u00e9guli\u00e8rement. Pour cela, nous vous [&hellip;]<\/p>\n","protected":false},"author":1,"featured_media":0,"parent":0,"menu_order":0,"comment_status":"closed","ping_status":"open","template":"","meta":{"site-sidebar-layout":"default","site-content-layout":"default","ast-site-content-layout":"default","site-content-style":"default","site-sidebar-style":"default","ast-global-header-display":"","ast-banner-title-visibility":"","ast-main-header-display":"","ast-hfb-above-header-display":"","ast-hfb-below-header-display":"","ast-hfb-mobile-header-display":"","site-post-title":"","ast-breadcrumbs-content":"","ast-featured-img":"","footer-sml-layout":"","ast-disable-related-posts":"","theme-transparent-header-meta":"","adv-header-id-meta":"","stick-header-meta":"","header-above-stick-meta":"","header-main-stick-meta":"","header-below-stick-meta":"","astra-migrate-meta-layouts":"default","ast-page-background-enabled":"default","ast-page-background-meta":{"desktop":{"background-color":"","background-image":"","background-repeat":"repeat","background-position":"center center","background-size":"auto","background-attachment":"scroll","background-type":"","background-media":"","overlay-type":"","overlay-color":"","overlay-opacity":"","overlay-gradient":""},"tablet":{"background-color":"","background-image":"","background-repeat":"repeat","background-position":"center center","background-size":"auto","background-attachment":"scroll","background-type":"","background-media":"","overlay-type":"","overlay-color":"","overlay-opacity":"","overlay-gradient":""},"mobile":{"background-color":"","background-image":"","background-repeat":"repeat","background-position":"center center","background-size":"auto","background-attachment":"scroll","background-type":"","background-media":"","overlay-type":"","overlay-color":"","overlay-opacity":"","overlay-gradient":""}},"ast-content-background-meta":{"desktop":{"background-color":"var(--ast-global-color-5)","background-image":"","background-repeat":"repeat","background-position":"center center","background-size":"auto","background-attachment":"scroll","background-type":"","background-media":"","overlay-type":"","overlay-color":"","overlay-opacity":"","overlay-gradient":""},"tablet":{"background-color":"var(--ast-global-color-5)","background-image":"","background-repeat":"repeat","background-position":"center center","background-size":"auto","background-attachment":"scroll","background-type":"","background-media":"","overlay-type":"","overlay-color":"","overlay-opacity":"","overlay-gradient":""},"mobile":{"background-color":"var(--ast-global-color-5)","background-image":"","background-repeat":"repeat","background-position":"center center","background-size":"auto","background-attachment":"scroll","background-type":"","background-media":"","overlay-type":"","overlay-color":"","overlay-opacity":"","overlay-gradient":""}},"footnotes":""},"class_list":["post-4768","page","type-page","status-publish","hentry"],"yoast_head":"<!-- This site is optimized with the Yoast SEO plugin v27.1.1 - https:\/\/yoast.com\/product\/yoast-seo-wordpress\/ -->\n<title>[:fr]Services - BIKEHOME[:] - Motorrad Faltgarage - Made in Germany | BIKEHOME<\/title>\n<meta name=\"robots\" content=\"index, follow, max-snippet:-1, max-image-preview:large, max-video-preview:-1\" \/>\n<link rel=\"canonical\" href=\"https:\/\/www.bikehome.com\/en\/francais-services-bikehome\/\" \/>\n<meta property=\"og:locale\" content=\"en_GB\" \/>\n<meta property=\"og:type\" content=\"article\" \/>\n<meta property=\"og:title\" content=\"[:fr]Services - BIKEHOME[:] - Motorrad Faltgarage - Made in Germany | BIKEHOME\" \/>\n<meta property=\"og:description\" content=\"[:fr] Questions &amp; R\u00e9ponses Vous trouverez ici les r\u00e9ponses aux questions les plus fr\u00e9quentes Aller aux questions et r\u00e9ponses Instructions de montage Vous pouvez t\u00e9l\u00e9charger ici les instructions de montage. T\u00e9l\u00e9harger Conseils d\u2018entretien Pour garantir une longue dur\u00e9e de vie de la b\u00e2che, vous devez nettoyer le garage \u00e0 moto r\u00e9guli\u00e8rement. Pour cela, nous vous [&hellip;]\" \/>\n<meta property=\"og:url\" content=\"https:\/\/www.bikehome.com\/en\/francais-services-bikehome\/\" \/>\n<meta property=\"og:site_name\" content=\"Motorrad Faltgarage - Made in Germany | BIKEHOME\" \/>\n<meta name=\"twitter:card\" content=\"summary_large_image\" \/>\n<meta name=\"twitter:label1\" content=\"Estimated reading time\" \/>\n\t<meta name=\"twitter:data1\" content=\"1 minute\" \/>\n<script type=\"application\/ld+json\" class=\"yoast-schema-graph\">{\"@context\":\"https:\/\/schema.org\",\"@graph\":[{\"@type\":\"WebPage\",\"@id\":\"https:\/\/www.bikehome.com\/francais-services-bikehome\/\",\"url\":\"https:\/\/www.bikehome.com\/francais-services-bikehome\/\",\"name\":\"[:fr]Services - BIKEHOME[:] - Motorrad Faltgarage - Made in Germany | BIKEHOME\",\"isPartOf\":{\"@id\":\"https:\/\/www.bikehome.com\/#website\"},\"datePublished\":\"2019-01-03T21:33:24+00:00\",\"breadcrumb\":{\"@id\":\"https:\/\/www.bikehome.com\/francais-services-bikehome\/#breadcrumb\"},\"inLanguage\":\"en-GB\",\"potentialAction\":[{\"@type\":\"ReadAction\",\"target\":[\"https:\/\/www.bikehome.com\/francais-services-bikehome\/\"]}]},{\"@type\":\"BreadcrumbList\",\"@id\":\"https:\/\/www.bikehome.com\/francais-services-bikehome\/#breadcrumb\",\"itemListElement\":[{\"@type\":\"ListItem\",\"position\":1,\"name\":\"Startseite\",\"item\":\"https:\/\/www.bikehome.com\/\"},{\"@type\":\"ListItem\",\"position\":2,\"name\":\"[:fr]Services &#8211; BIKEHOME[:]\"}]},{\"@type\":\"WebSite\",\"@id\":\"https:\/\/www.bikehome.com\/#website\",\"url\":\"https:\/\/www.bikehome.com\/\",\"name\":\"Motorrad Faltgarage - Made in Germany | BIKEHOME\",\"description\":\"\",\"publisher\":{\"@id\":\"https:\/\/www.bikehome.com\/#organization\"},\"potentialAction\":[{\"@type\":\"SearchAction\",\"target\":{\"@type\":\"EntryPoint\",\"urlTemplate\":\"https:\/\/www.bikehome.com\/?s={search_term_string}\"},\"query-input\":{\"@type\":\"PropertyValueSpecification\",\"valueRequired\":true,\"valueName\":\"search_term_string\"}}],\"inLanguage\":\"en-GB\"},{\"@type\":\"Organization\",\"@id\":\"https:\/\/www.bikehome.com\/#organization\",\"name\":\"Motorrad Faltgarage - Made in Germany | BIKEHOME\",\"url\":\"https:\/\/www.bikehome.com\/\",\"logo\":{\"@type\":\"ImageObject\",\"inLanguage\":\"en-GB\",\"@id\":\"https:\/\/www.bikehome.com\/#\/schema\/logo\/image\/\",\"url\":\"https:\/\/www.bikehome.com\/wp-content\/uploads\/2017\/12\/cropped-BIKEHOME-Logo.png\",\"contentUrl\":\"https:\/\/www.bikehome.com\/wp-content\/uploads\/2017\/12\/cropped-BIKEHOME-Logo.png\",\"width\":291,\"height\":53,\"caption\":\"Motorrad Faltgarage - Made in Germany | BIKEHOME\"},\"image\":{\"@id\":\"https:\/\/www.bikehome.com\/#\/schema\/logo\/image\/\"}}]}<\/script>\n<!-- \/ Yoast SEO plugin. -->","yoast_head_json":{"title":"[:fr]Services - BIKEHOME[:] - Motorrad Faltgarage - Made in Germany | BIKEHOME","robots":{"index":"index","follow":"follow","max-snippet":"max-snippet:-1","max-image-preview":"max-image-preview:large","max-video-preview":"max-video-preview:-1"},"canonical":"https:\/\/www.bikehome.com\/en\/francais-services-bikehome\/","og_locale":"en_GB","og_type":"article","og_title":"[:fr]Services - BIKEHOME[:] - Motorrad Faltgarage - Made in Germany | BIKEHOME","og_description":"[:fr] Questions &amp; R\u00e9ponses Vous trouverez ici les r\u00e9ponses aux questions les plus fr\u00e9quentes Aller aux questions et r\u00e9ponses Instructions de montage Vous pouvez t\u00e9l\u00e9charger ici les instructions de montage. T\u00e9l\u00e9harger Conseils d\u2018entretien Pour garantir une longue dur\u00e9e de vie de la b\u00e2che, vous devez nettoyer le garage \u00e0 moto r\u00e9guli\u00e8rement. Pour cela, nous vous [&hellip;]","og_url":"https:\/\/www.bikehome.com\/en\/francais-services-bikehome\/","og_site_name":"Motorrad Faltgarage - Made in Germany | BIKEHOME","twitter_card":"summary_large_image","twitter_misc":{"Estimated reading time":"1 minute"},"schema":{"@context":"https:\/\/schema.org","@graph":[{"@type":"WebPage","@id":"https:\/\/www.bikehome.com\/francais-services-bikehome\/","url":"https:\/\/www.bikehome.com\/francais-services-bikehome\/","name":"[:fr]Services - BIKEHOME[:] - Motorrad Faltgarage - Made in Germany | BIKEHOME","isPartOf":{"@id":"https:\/\/www.bikehome.com\/#website"},"datePublished":"2019-01-03T21:33:24+00:00","breadcrumb":{"@id":"https:\/\/www.bikehome.com\/francais-services-bikehome\/#breadcrumb"},"inLanguage":"en-GB","potentialAction":[{"@type":"ReadAction","target":["https:\/\/www.bikehome.com\/francais-services-bikehome\/"]}]},{"@type":"BreadcrumbList","@id":"https:\/\/www.bikehome.com\/francais-services-bikehome\/#breadcrumb","itemListElement":[{"@type":"ListItem","position":1,"name":"Startseite","item":"https:\/\/www.bikehome.com\/"},{"@type":"ListItem","position":2,"name":"[:fr]Services &#8211; BIKEHOME[:]"}]},{"@type":"WebSite","@id":"https:\/\/www.bikehome.com\/#website","url":"https:\/\/www.bikehome.com\/","name":"Motorrad Faltgarage - Made in Germany | BIKEHOME","description":"","publisher":{"@id":"https:\/\/www.bikehome.com\/#organization"},"potentialAction":[{"@type":"SearchAction","target":{"@type":"EntryPoint","urlTemplate":"https:\/\/www.bikehome.com\/?s={search_term_string}"},"query-input":{"@type":"PropertyValueSpecification","valueRequired":true,"valueName":"search_term_string"}}],"inLanguage":"en-GB"},{"@type":"Organization","@id":"https:\/\/www.bikehome.com\/#organization","name":"Motorrad Faltgarage - Made in Germany | BIKEHOME","url":"https:\/\/www.bikehome.com\/","logo":{"@type":"ImageObject","inLanguage":"en-GB","@id":"https:\/\/www.bikehome.com\/#\/schema\/logo\/image\/","url":"https:\/\/www.bikehome.com\/wp-content\/uploads\/2017\/12\/cropped-BIKEHOME-Logo.png","contentUrl":"https:\/\/www.bikehome.com\/wp-content\/uploads\/2017\/12\/cropped-BIKEHOME-Logo.png","width":291,"height":53,"caption":"Motorrad Faltgarage - Made in Germany | BIKEHOME"},"image":{"@id":"https:\/\/www.bikehome.com\/#\/schema\/logo\/image\/"}}]}},"_links":{"self":[{"href":"https:\/\/www.bikehome.com\/en\/wp-json\/wp\/v2\/pages\/4768","targetHints":{"allow":["GET"]}}],"collection":[{"href":"https:\/\/www.bikehome.com\/en\/wp-json\/wp\/v2\/pages"}],"about":[{"href":"https:\/\/www.bikehome.com\/en\/wp-json\/wp\/v2\/types\/page"}],"author":[{"embeddable":true,"href":"https:\/\/www.bikehome.com\/en\/wp-json\/wp\/v2\/users\/1"}],"replies":[{"embeddable":true,"href":"https:\/\/www.bikehome.com\/en\/wp-json\/wp\/v2\/comments?post=4768"}],"version-history":[{"count":1,"href":"https:\/\/www.bikehome.com\/en\/wp-json\/wp\/v2\/pages\/4768\/revisions"}],"predecessor-version":[{"id":4769,"href":"https:\/\/www.bikehome.com\/en\/wp-json\/wp\/v2\/pages\/4768\/revisions\/4769"}],"wp:attachment":[{"href":"https:\/\/www.bikehome.com\/en\/wp-json\/wp\/v2\/media?parent=4768"}],"curies":[{"name":"wp","href":"https:\/\/api.w.org\/{rel}","templated":true}]}}