{"id":4749,"date":"2019-01-03T16:00:54","date_gmt":"2019-01-03T16:00:54","guid":{"rendered":"https:\/\/www.bikehome.com\/?page_id=4749"},"modified":"2019-01-03T16:01:07","modified_gmt":"2019-01-03T16:01:07","slug":"italiano-bikehome-condizioni-generali-di-contratto","status":"publish","type":"page","link":"https:\/\/www.bikehome.com\/en\/italiano-bikehome-condizioni-generali-di-contratto\/","title":{"rendered":"[:it]BIKEHOME &#8211; Condizioni generali di contratto[:]"},"content":{"rendered":"<p>[:it]<\/p>\n<h2><span style=\"color: #a91919;\">\u00a7 1. Firmatario<br \/>\n<\/span><\/h2>\n<p><span style=\"color: #333333;\">Possiamo essere contattati al seguente indirizzo:<\/span><\/p>\n<p><span style=\"color: #333333;\">BIKEHOME e.K.<\/span><br \/>\n<span style=\"color: #333333;\">Nackter Weg 10 c<\/span><br \/>\n<span style=\"color: #333333;\">D-67311 Tiefenthal<\/span><\/p>\n<p><span style=\"color: #333333;\">e-mail: kontakt@bikehome.com<\/span><br \/>\n<span style=\"color: #333333;\">www.bikehome.com <\/span><\/p>\n<p><span style=\"color: #333333;\">Proprietario: Stefan Lang<br \/>\nNumero di registro commerciale: HRA 61432, Amtsgericht Ludwigshafen (Tribunale regionale di Ludwigshafen)<br \/>\nVATIN: DE2710080951<br \/>\n<\/span><\/p>\n<h2><span style=\"color: #a91919;\">\u00a7 2. Area di applicabilit\u00e0 <\/span><\/h2>\n<p><span style=\"color: #333333;\">Questi termini e condizioni sono i termini e le condizioni applicabili a questo sito e al momento dell&#8217;acquisto. Altrimenti, possono essere presi accordi alternativi. I clienti che scelgono di accettare i nostri servizi o di ordinare i nostri prodotti accettano i nostri termini e condizioni; L&#8217;accettazione dei nostri termini e condizioni \u00e8 una condizione di acquisto. La stessa osservanza si applica a coloro che stipulano accordi scritti non standard. Facendo clic su &#8222;Acquista ora&#8220;, accetti i nostri termini e condizioni. Una conferma d&#8217;ordine verr\u00e0 effettuata dopo aver effettuato l&#8217;ordine, formando il contratto di acquisto.<br \/>\n<\/span><\/p>\n<h2><span style=\"color: #a91919;\">\u00a7 3. Garanzia di qualit\u00e0<br \/>\n<\/span><\/h2>\n<p><span style=\"color: #333333;\">Offriamo una garanzia di qualit\u00e0 quinquennale, a partire dalla data di acquisto. Non possiamo essere ritenuti responsabili in caso di vandalismo o trattamento e cura irregolari.<\/span><\/p>\n<h2><span style=\"color: #a91919;\">\u00a7 4. Politica di spedizione generale<br \/>\n<\/span><\/h2>\n<p><span style=\"color: #333333;\">Se non diversamente specificato, le spedizioni verranno consegnate al magazzino al momento dell&#8217;acquisto. Il prodotto consegnato rimane di propriet\u00e0 di BIKEHOME fino al pagamento completo, se non \u00e8 scaduto il tempo per il diritto di recesso.<\/span><\/p>\n<h2><span style=\"color: #a91919;\">\u00a7 5. Diritto di recesso<br \/>\n<\/span><\/h2>\n<p><span style=\"color: #333333;\">\u00c8 possibile restituire il prodotto entro due settimane dal ricevimento del prodotto. Se restituito entro due settimane, il cliente non \u00e8 pi\u00f9 responsabile per il pagamento. Il prodotto (s) pu\u00f2 essere restituito senza indicarne i motivi nel corso di questo periodo di due settimane e deve essere accompagnata con comunicazione scritta (ad esempio mediante lettera, fax o un&#8217;altra forma di dati), \u00e8 tornato a mezzo raccomandata con ricevuta di spedizione. Il termine inizia alla data di acquisto. In caso di revoca, restituiremo tutti i pagamenti e l&#8217;acquirente \u00e8 obbligato a restituire l&#8217;ordine. Le spese di spedizione (trasporto e imballaggio) e altri costi associati alla restituzione del prodotto sono a carico dell&#8217;acquirente. Un reso pu\u00f2 avvenire solo se il prodotto non utilizzato viene restituito alla confezione originale. Dopo che il prodotto \u00e8 stato assemblato non \u00e8 possibile tornare.<\/span><\/p>\n<h2><span style=\"color: #a91919;\">\u00a7 6. Pagamento<\/span><\/h2>\n<p><span style=\"color: #333333;\">Se il prodotto \u00e8 stato ordinato con pagamento anticipato, spediremo il prodotto non appena il pagamento sar\u00e0 stato accreditato sul nostro conto. Il pagamento deve essere inviato al pi\u00f9 tardi dopo la data sulla ricevuta. Se il prodotto \u00e8 ordinato tramite PayPal, sar\u00e0 immediatamente dopo il ricevimento del pagamento sul nostro conto.<\/span><\/p>\n<h2><span style=\"color: #a91919;\">\u00a7 7. Propriet\u00e0<br \/>\n<\/span><\/h2>\n<p><span style=\"color: #333333;\">Il prodotto \u00e8 rimasto propriet\u00e0 di BIKEHOME fino a quando il cliente non ha pagato per intero.<\/span><\/p>\n<h2><span style=\"color: #a91919;\">\u00a7 8. Responsabilit\u00e0 del cliente per gli ordini selezionati<br \/>\n<\/span><\/h2>\n<p><span style=\"color: #333333;\">Il cliente \u00e8 obbligato a ricontrollare tutte le informazioni prima di inviare il proprio ordine. Non siamo responsabili per ordini contenenti errori. In particolare, il cliente deve prestare attenzione alle opzioni di pagamento e al numero di prodotti da ordinare.<\/span><\/p>\n<h2><span style=\"color: #a91919;\">\u00a7 9. Protezione dei dati<br \/>\n<\/span><\/h2>\n<p><span style=\"color: #333333;\">Seguiamo tutte le forme di sicurezza e protezione dei dati richieste dalla legge. Gli unici dati personali che verranno raccolti sono quelli necessari per eseguire correttamente un ordine. Il cliente accetta che questi dati verranno utilizzati e salvati da BIKEHOME. Nessun dato personale vuole essere trasferito a terzi. Un trasferimento di dati a terzi \u00e8 possibile solo con l&#8217;approvazione esplicita del cliente.<\/span><\/p>\n<h2><span style=\"color: #a91919;\">\u00a7 10. Legge applicabile e foro competente<br \/>\n<\/span><\/h2>\n<p><span style=\"color: #333333;\">La lingua del contratto \u00e8 il tedesco. La legge tedesca \u00e8 esclusivamente valida, ad esclusione delle leggi di vendita commerciali delle Nazioni Unite. Il foro competente \u00e8 Gr\u00fcnstadt.<\/span><\/p>\n<h2><span style=\"color: #a91919;\">\u00a7 11. Regola di ambiguit\u00e0<br \/>\n<\/span><\/h2>\n<p><span style=\"color: #333333;\">Se le singole disposizioni di queste condizioni contrattuali non sono valide, le restanti disposizioni non sono interessate.<\/span>[:]<\/p>\n","protected":false},"excerpt":{"rendered":"<p>[:it] \u00a7 1. Firmatario Possiamo essere contattati al seguente indirizzo: BIKEHOME e.K. Nackter Weg 10 c D-67311 Tiefenthal e-mail: kontakt@bikehome.com www.bikehome.com Proprietario: Stefan Lang Numero di registro commerciale: HRA 61432, Amtsgericht Ludwigshafen (Tribunale regionale di Ludwigshafen) VATIN: DE2710080951 \u00a7 2. Area di applicabilit\u00e0 Questi termini e condizioni sono i termini e le condizioni applicabili a [&hellip;]<\/p>\n","protected":false},"author":1,"featured_media":0,"parent":0,"menu_order":0,"comment_status":"closed","ping_status":"open","template":"","meta":{"site-sidebar-layout":"default","site-content-layout":"default","ast-site-content-layout":"default","site-content-style":"default","site-sidebar-style":"default","ast-global-header-display":"","ast-banner-title-visibility":"","ast-main-header-display":"","ast-hfb-above-header-display":"","ast-hfb-below-header-display":"","ast-hfb-mobile-header-display":"","site-post-title":"","ast-breadcrumbs-content":"","ast-featured-img":"","footer-sml-layout":"","ast-disable-related-posts":"","theme-transparent-header-meta":"","adv-header-id-meta":"","stick-header-meta":"","header-above-stick-meta":"","header-main-stick-meta":"","header-below-stick-meta":"","astra-migrate-meta-layouts":"default","ast-page-background-enabled":"default","ast-page-background-meta":{"desktop":{"background-color":"","background-image":"","background-repeat":"repeat","background-position":"center center","background-size":"auto","background-attachment":"scroll","background-type":"","background-media":"","overlay-type":"","overlay-color":"","overlay-opacity":"","overlay-gradient":""},"tablet":{"background-color":"","background-image":"","background-repeat":"repeat","background-position":"center center","background-size":"auto","background-attachment":"scroll","background-type":"","background-media":"","overlay-type":"","overlay-color":"","overlay-opacity":"","overlay-gradient":""},"mobile":{"background-color":"","background-image":"","background-repeat":"repeat","background-position":"center center","background-size":"auto","background-attachment":"scroll","background-type":"","background-media":"","overlay-type":"","overlay-color":"","overlay-opacity":"","overlay-gradient":""}},"ast-content-background-meta":{"desktop":{"background-color":"var(--ast-global-color-5)","background-image":"","background-repeat":"repeat","background-position":"center center","background-size":"auto","background-attachment":"scroll","background-type":"","background-media":"","overlay-type":"","overlay-color":"","overlay-opacity":"","overlay-gradient":""},"tablet":{"background-color":"var(--ast-global-color-5)","background-image":"","background-repeat":"repeat","background-position":"center center","background-size":"auto","background-attachment":"scroll","background-type":"","background-media":"","overlay-type":"","overlay-color":"","overlay-opacity":"","overlay-gradient":""},"mobile":{"background-color":"var(--ast-global-color-5)","background-image":"","background-repeat":"repeat","background-position":"center center","background-size":"auto","background-attachment":"scroll","background-type":"","background-media":"","overlay-type":"","overlay-color":"","overlay-opacity":"","overlay-gradient":""}},"footnotes":""},"class_list":["post-4749","page","type-page","status-publish","hentry"],"yoast_head":"<!-- This site is optimized with the Yoast SEO plugin v27.1.1 - https:\/\/yoast.com\/product\/yoast-seo-wordpress\/ -->\n<title>[:it]BIKEHOME - Condizioni generali di contratto[:] - Motorrad Faltgarage - Made in Germany | BIKEHOME<\/title>\n<meta name=\"robots\" content=\"index, follow, max-snippet:-1, max-image-preview:large, max-video-preview:-1\" \/>\n<link rel=\"canonical\" href=\"https:\/\/www.bikehome.com\/en\/italiano-bikehome-condizioni-generali-di-contratto\/\" \/>\n<meta property=\"og:locale\" content=\"en_GB\" \/>\n<meta property=\"og:type\" content=\"article\" \/>\n<meta property=\"og:title\" content=\"[:it]BIKEHOME - Condizioni generali di contratto[:] - Motorrad Faltgarage - Made in Germany | BIKEHOME\" \/>\n<meta property=\"og:description\" content=\"[:it] \u00a7 1. Firmatario Possiamo essere contattati al seguente indirizzo: BIKEHOME e.K. Nackter Weg 10 c D-67311 Tiefenthal e-mail: kontakt@bikehome.com www.bikehome.com Proprietario: Stefan Lang Numero di registro commerciale: HRA 61432, Amtsgericht Ludwigshafen (Tribunale regionale di Ludwigshafen) VATIN: DE2710080951 \u00a7 2. Area di applicabilit\u00e0 Questi termini e condizioni sono i termini e le condizioni applicabili a [&hellip;]\" \/>\n<meta property=\"og:url\" content=\"https:\/\/www.bikehome.com\/en\/italiano-bikehome-condizioni-generali-di-contratto\/\" \/>\n<meta property=\"og:site_name\" content=\"Motorrad Faltgarage - Made in Germany | BIKEHOME\" \/>\n<meta property=\"article:modified_time\" content=\"2019-01-03T16:01:07+00:00\" \/>\n<meta name=\"twitter:card\" content=\"summary_large_image\" \/>\n<meta name=\"twitter:label1\" content=\"Estimated reading time\" \/>\n\t<meta name=\"twitter:data1\" content=\"3 minutes\" \/>\n<script type=\"application\/ld+json\" class=\"yoast-schema-graph\">{\"@context\":\"https:\/\/schema.org\",\"@graph\":[{\"@type\":\"WebPage\",\"@id\":\"https:\/\/www.bikehome.com\/italiano-bikehome-condizioni-generali-di-contratto\/\",\"url\":\"https:\/\/www.bikehome.com\/italiano-bikehome-condizioni-generali-di-contratto\/\",\"name\":\"[:it]BIKEHOME - Condizioni generali di contratto[:] - Motorrad Faltgarage - Made in Germany | BIKEHOME\",\"isPartOf\":{\"@id\":\"https:\/\/www.bikehome.com\/#website\"},\"datePublished\":\"2019-01-03T16:00:54+00:00\",\"dateModified\":\"2019-01-03T16:01:07+00:00\",\"breadcrumb\":{\"@id\":\"https:\/\/www.bikehome.com\/italiano-bikehome-condizioni-generali-di-contratto\/#breadcrumb\"},\"inLanguage\":\"en-GB\",\"potentialAction\":[{\"@type\":\"ReadAction\",\"target\":[\"https:\/\/www.bikehome.com\/italiano-bikehome-condizioni-generali-di-contratto\/\"]}]},{\"@type\":\"BreadcrumbList\",\"@id\":\"https:\/\/www.bikehome.com\/italiano-bikehome-condizioni-generali-di-contratto\/#breadcrumb\",\"itemListElement\":[{\"@type\":\"ListItem\",\"position\":1,\"name\":\"Startseite\",\"item\":\"https:\/\/www.bikehome.com\/\"},{\"@type\":\"ListItem\",\"position\":2,\"name\":\"[:it]BIKEHOME &#8211; Condizioni generali di contratto[:]\"}]},{\"@type\":\"WebSite\",\"@id\":\"https:\/\/www.bikehome.com\/#website\",\"url\":\"https:\/\/www.bikehome.com\/\",\"name\":\"Motorrad Faltgarage - Made in Germany | BIKEHOME\",\"description\":\"\",\"publisher\":{\"@id\":\"https:\/\/www.bikehome.com\/#organization\"},\"potentialAction\":[{\"@type\":\"SearchAction\",\"target\":{\"@type\":\"EntryPoint\",\"urlTemplate\":\"https:\/\/www.bikehome.com\/?s={search_term_string}\"},\"query-input\":{\"@type\":\"PropertyValueSpecification\",\"valueRequired\":true,\"valueName\":\"search_term_string\"}}],\"inLanguage\":\"en-GB\"},{\"@type\":\"Organization\",\"@id\":\"https:\/\/www.bikehome.com\/#organization\",\"name\":\"Motorrad Faltgarage - Made in Germany | BIKEHOME\",\"url\":\"https:\/\/www.bikehome.com\/\",\"logo\":{\"@type\":\"ImageObject\",\"inLanguage\":\"en-GB\",\"@id\":\"https:\/\/www.bikehome.com\/#\/schema\/logo\/image\/\",\"url\":\"https:\/\/www.bikehome.com\/wp-content\/uploads\/2017\/12\/cropped-BIKEHOME-Logo.png\",\"contentUrl\":\"https:\/\/www.bikehome.com\/wp-content\/uploads\/2017\/12\/cropped-BIKEHOME-Logo.png\",\"width\":291,\"height\":53,\"caption\":\"Motorrad Faltgarage - Made in Germany | BIKEHOME\"},\"image\":{\"@id\":\"https:\/\/www.bikehome.com\/#\/schema\/logo\/image\/\"}}]}<\/script>\n<!-- \/ Yoast SEO plugin. -->","yoast_head_json":{"title":"[:it]BIKEHOME - Condizioni generali di contratto[:] - Motorrad Faltgarage - Made in Germany | BIKEHOME","robots":{"index":"index","follow":"follow","max-snippet":"max-snippet:-1","max-image-preview":"max-image-preview:large","max-video-preview":"max-video-preview:-1"},"canonical":"https:\/\/www.bikehome.com\/en\/italiano-bikehome-condizioni-generali-di-contratto\/","og_locale":"en_GB","og_type":"article","og_title":"[:it]BIKEHOME - Condizioni generali di contratto[:] - Motorrad Faltgarage - Made in Germany | BIKEHOME","og_description":"[:it] \u00a7 1. Firmatario Possiamo essere contattati al seguente indirizzo: BIKEHOME e.K. Nackter Weg 10 c D-67311 Tiefenthal e-mail: kontakt@bikehome.com www.bikehome.com Proprietario: Stefan Lang Numero di registro commerciale: HRA 61432, Amtsgericht Ludwigshafen (Tribunale regionale di Ludwigshafen) VATIN: DE2710080951 \u00a7 2. Area di applicabilit\u00e0 Questi termini e condizioni sono i termini e le condizioni applicabili a [&hellip;]","og_url":"https:\/\/www.bikehome.com\/en\/italiano-bikehome-condizioni-generali-di-contratto\/","og_site_name":"Motorrad Faltgarage - Made in Germany | BIKEHOME","article_modified_time":"2019-01-03T16:01:07+00:00","twitter_card":"summary_large_image","twitter_misc":{"Estimated reading time":"3 minutes"},"schema":{"@context":"https:\/\/schema.org","@graph":[{"@type":"WebPage","@id":"https:\/\/www.bikehome.com\/italiano-bikehome-condizioni-generali-di-contratto\/","url":"https:\/\/www.bikehome.com\/italiano-bikehome-condizioni-generali-di-contratto\/","name":"[:it]BIKEHOME - Condizioni generali di contratto[:] - Motorrad Faltgarage - Made in Germany | BIKEHOME","isPartOf":{"@id":"https:\/\/www.bikehome.com\/#website"},"datePublished":"2019-01-03T16:00:54+00:00","dateModified":"2019-01-03T16:01:07+00:00","breadcrumb":{"@id":"https:\/\/www.bikehome.com\/italiano-bikehome-condizioni-generali-di-contratto\/#breadcrumb"},"inLanguage":"en-GB","potentialAction":[{"@type":"ReadAction","target":["https:\/\/www.bikehome.com\/italiano-bikehome-condizioni-generali-di-contratto\/"]}]},{"@type":"BreadcrumbList","@id":"https:\/\/www.bikehome.com\/italiano-bikehome-condizioni-generali-di-contratto\/#breadcrumb","itemListElement":[{"@type":"ListItem","position":1,"name":"Startseite","item":"https:\/\/www.bikehome.com\/"},{"@type":"ListItem","position":2,"name":"[:it]BIKEHOME &#8211; Condizioni generali di contratto[:]"}]},{"@type":"WebSite","@id":"https:\/\/www.bikehome.com\/#website","url":"https:\/\/www.bikehome.com\/","name":"Motorrad Faltgarage - Made in Germany | BIKEHOME","description":"","publisher":{"@id":"https:\/\/www.bikehome.com\/#organization"},"potentialAction":[{"@type":"SearchAction","target":{"@type":"EntryPoint","urlTemplate":"https:\/\/www.bikehome.com\/?s={search_term_string}"},"query-input":{"@type":"PropertyValueSpecification","valueRequired":true,"valueName":"search_term_string"}}],"inLanguage":"en-GB"},{"@type":"Organization","@id":"https:\/\/www.bikehome.com\/#organization","name":"Motorrad Faltgarage - Made in Germany | BIKEHOME","url":"https:\/\/www.bikehome.com\/","logo":{"@type":"ImageObject","inLanguage":"en-GB","@id":"https:\/\/www.bikehome.com\/#\/schema\/logo\/image\/","url":"https:\/\/www.bikehome.com\/wp-content\/uploads\/2017\/12\/cropped-BIKEHOME-Logo.png","contentUrl":"https:\/\/www.bikehome.com\/wp-content\/uploads\/2017\/12\/cropped-BIKEHOME-Logo.png","width":291,"height":53,"caption":"Motorrad Faltgarage - Made in Germany | BIKEHOME"},"image":{"@id":"https:\/\/www.bikehome.com\/#\/schema\/logo\/image\/"}}]}},"_links":{"self":[{"href":"https:\/\/www.bikehome.com\/en\/wp-json\/wp\/v2\/pages\/4749","targetHints":{"allow":["GET"]}}],"collection":[{"href":"https:\/\/www.bikehome.com\/en\/wp-json\/wp\/v2\/pages"}],"about":[{"href":"https:\/\/www.bikehome.com\/en\/wp-json\/wp\/v2\/types\/page"}],"author":[{"embeddable":true,"href":"https:\/\/www.bikehome.com\/en\/wp-json\/wp\/v2\/users\/1"}],"replies":[{"embeddable":true,"href":"https:\/\/www.bikehome.com\/en\/wp-json\/wp\/v2\/comments?post=4749"}],"version-history":[{"count":1,"href":"https:\/\/www.bikehome.com\/en\/wp-json\/wp\/v2\/pages\/4749\/revisions"}],"predecessor-version":[{"id":4750,"href":"https:\/\/www.bikehome.com\/en\/wp-json\/wp\/v2\/pages\/4749\/revisions\/4750"}],"wp:attachment":[{"href":"https:\/\/www.bikehome.com\/en\/wp-json\/wp\/v2\/media?parent=4749"}],"curies":[{"name":"wp","href":"https:\/\/api.w.org\/{rel}","templated":true}]}}