{"id":4747,"date":"2019-01-03T16:00:11","date_gmt":"2019-01-03T16:00:11","guid":{"rendered":"https:\/\/www.bikehome.com\/?page_id=4747"},"modified":"2023-07-01T13:28:55","modified_gmt":"2023-07-01T13:28:55","slug":"espanol-bikehome-condiciones-generales-de-contratacion","status":"publish","type":"page","link":"https:\/\/www.bikehome.com\/en\/espanol-bikehome-condiciones-generales-de-contratacion\/","title":{"rendered":"BIKEHOME &#8211; Condiciones generales de contrataci\u00f3n"},"content":{"rendered":"<h2><span style=\"color: #a91919;\">\u00a7 1. Firmante<br \/>\n<\/span><\/h2>\n<p><span style=\"color: #333333;\">Podemos ser contactados en la siguiente direcci\u00f3n:<\/span><\/p>\n<p><span style=\"color: #333333;\">BIKEHOME e.K.<\/span><br \/>\n<span style=\"color: #333333;\">Nackter Weg 10 c<\/span><br \/>\n<span style=\"color: #333333;\">D-67311 Tiefenthal<\/span><\/p>\n<p><span style=\"color: #333333;\">e-mail: kontakt@bikehome.com<\/span><br \/>\n<span style=\"color: #333333;\">www.bikehome.com <\/span><\/p>\n<p><span style=\"color: #333333;\">Propietario: Stefan Lang<br \/>\nN\u00famero de registro comercial: HRA 61432, Amtsgericht Ludwigshafen (Tribunal Regional de Ludwigshafen)<br \/>\nVATIN: DE2710080951<br \/>\n<\/span><\/p>\n<h2><span style=\"color: #a91919;\">\u00a7 2. \u00c1rea de aplicabilidad <\/span><\/h2>\n<p><span style=\"color: #333333;\">Estos t\u00e9rminos y condiciones son los t\u00e9rminos y condiciones que se aplican a este sitio y al momento de la compra. De lo contrario, se pueden hacer arreglos alternativos. Los clientes que optan por aceptar nuestros servicios u ordenar nuestros productos aceptan nuestros t\u00e9rminos y condiciones; La aceptaci\u00f3n de nuestros t\u00e9rminos y condiciones es una condici\u00f3n de compra. La misma adherencia se aplica a aquellos que ingresan a acuerdos escritos no est\u00e1ndar. Al hacer clic en &#8222;comprar ahora&#8220;, acepta nuestros t\u00e9rminos y condiciones. Se realizar\u00e1 una confirmaci\u00f3n de pedido despu\u00e9s de realizar su pedido, formando el contrato de compra.<br \/>\n<\/span><\/p>\n<h2><span style=\"color: #a91919;\">\u00a7 3. Garant\u00eda de calidad<br \/>\n<\/span><\/h2>\n<p><span style=\"color: #333333;\">Ofrecemos una garant\u00eda de calidad de cinco a\u00f1os, comenzando en la fecha de compra. No podemos ser responsables en casos de vandalismo o manejo y cuidado irregulares.<\/span><\/p>\n<h2><span style=\"color: #a91919;\">\u00a7 4. Pol\u00edtica general de env\u00edo<br \/>\n<\/span><\/h2>\n<p><span style=\"color: #333333;\">A menos que se especifique lo contrario, los env\u00edos se entregar\u00e1n en el almac\u00e9n en el momento de la compra. El producto entregado permanece en propiedad de BIKEHOME hasta que se pague por completo, de lo contrario, el tiempo de retiro ha expirado o no.<\/span><\/p>\n<h2><span style=\"color: #a91919;\">\u00a7 5. Derecho de desistimiento<br \/>\n<\/span><\/h2>\n<p><span style=\"color: #333333;\">Es posible devolver el producto dentro de las dos semanas posteriores a la recepci\u00f3n del producto. Si se devuelve dentro de dos semanas, el cliente ya no ser\u00e1 responsable del pago. Los productos pueden devolverse sin ning\u00fan motivo durante este per\u00edodo de dos semanas y deben estar acompa\u00f1ados por una comunicaci\u00f3n escrita (por ejemplo, por carta, fax u otro formulario de datos), devuelta por correo certificado con prueba de env\u00edo por correo. La fecha l\u00edmite comienza en la fecha de compra. En el caso de la revocaci\u00f3n, devolveremos todos los pagos y el comprador est\u00e1 obligado a devolverlos. Los costos de env\u00edo (transporte y embalaje) as\u00ed como otros costos asociados con la devoluci\u00f3n del producto son responsabilidad del comprador. Una devoluci\u00f3n solo puede ocurrir si el producto no utilizado se devuelve al embalaje original. Despu\u00e9s de ensamblar el producto, no es posible devolverlo.<\/span><\/p>\n<h2><span style=\"color: #a91919;\">\u00a7 6. Pago <\/span><\/h2>\n<p><span style=\"color: #333333;\">Si el producto ha sido ordenado con pago por adelantado, enviaremos el producto tan pronto como el pago haya sido acreditado en nuestra cuenta. El pago debe ser enviado a m\u00e1s tardar despu\u00e9s de la fecha en el recibo. Si el producto se solicita a trav\u00e9s de PayPal, ser\u00e1 inmediatamente despu\u00e9s del recibo del pago en nuestra cuenta.<\/span><\/p>\n<h2><span style=\"color: #a91919;\">\u00a7 7. Propiedad<br \/>\n<\/span><\/h2>\n<p><span style=\"color: #333333;\">El producto ha permanecido como propiedad de BIKEHOME hasta que el cliente haya pagado por completo.<\/span><\/p>\n<h2><span style=\"color: #a91919;\">\u00a7 8. Responsabilidad del cliente por los pedidos seleccionados<br \/>\n<\/span><\/h2>\n<p><span style=\"color: #333333;\">El cliente est\u00e1 obligado a verificar nuevamente toda la informaci\u00f3n antes de enviar su pedido. No somos responsables de pedidos que contengan errores. En particular, el cliente debe prestar atenci\u00f3n a su opci\u00f3n de pago y la cantidad de producto (s) que se ordenar\u00e1.<\/span><\/p>\n<h2><span style=\"color: #a91919;\">\u00a7 9. Protecci\u00f3n de datos<br \/>\n<\/span><\/h2>\n<p><span style=\"color: #333333;\">Seguimos todas las formas de seguridad y protecci\u00f3n de datos requeridas por ley. Los \u00fanicos datos personales que se recopilar\u00e1n son los necesarios para llevar a cabo un pedido con \u00e9xito. El cliente acepta que esta informaci\u00f3n ser\u00e1 utilizada y guardada por BIKEHOME. Ning\u00fan dato personal quiere ser transferido a terceros. Una transferencia de datos a un tercero solo es posible con la aprobaci\u00f3n expl\u00edcita del cliente.<\/span><\/p>\n<h2><span style=\"color: #a91919;\">\u00a7 10. Ley aplicable y lugar de jurisdicci\u00f3n<br \/>\n<\/span><\/h2>\n<p><span style=\"color: #333333;\">El lenguaje del contrato es alem\u00e1n. La ley alemana es exclusivamente v\u00e1lida, excluyendo las leyes de ventas comerciales de las Naciones Unidas. El lugar de jurisdicci\u00f3n es Gr\u00fcnstadt.<\/span><\/p>\n<h2><span style=\"color: #a91919;\">\u00a7 11. Regla de ambig\u00fcedad<br \/>\n<\/span><\/h2>\n<p><span style=\"color: #333333;\">Si las disposiciones individuales de estas condiciones contractuales no son v\u00e1lidas, las disposiciones restantes no se ver\u00e1n afectadas.<\/span><\/p>","protected":false},"excerpt":{"rendered":"<p>\u00a7 1. Firmante Podemos ser contactados en la siguiente direcci\u00f3n: BIKEHOME e.K. Nackter Weg 10 c D-67311 Tiefenthal e-mail: kontakt@bikehome.com www.bikehome.com Propietario: Stefan Lang N\u00famero de registro comercial: HRA 61432, Amtsgericht Ludwigshafen (Tribunal Regional de Ludwigshafen) VATIN: DE2710080951 \u00a7 2. \u00c1rea de aplicabilidad Estos t\u00e9rminos y condiciones son los t\u00e9rminos y condiciones que se aplican [&hellip;]<\/p>\n","protected":false},"author":1,"featured_media":0,"parent":0,"menu_order":0,"comment_status":"closed","ping_status":"open","template":"","meta":{"site-sidebar-layout":"default","site-content-layout":"default","ast-site-content-layout":"default","site-content-style":"default","site-sidebar-style":"default","ast-global-header-display":"","ast-banner-title-visibility":"","ast-main-header-display":"","ast-hfb-above-header-display":"","ast-hfb-below-header-display":"","ast-hfb-mobile-header-display":"","site-post-title":"","ast-breadcrumbs-content":"","ast-featured-img":"","footer-sml-layout":"","ast-disable-related-posts":"","theme-transparent-header-meta":"","adv-header-id-meta":"","stick-header-meta":"","header-above-stick-meta":"","header-main-stick-meta":"","header-below-stick-meta":"","astra-migrate-meta-layouts":"default","ast-page-background-enabled":"default","ast-page-background-meta":{"desktop":{"background-color":"","background-image":"","background-repeat":"repeat","background-position":"center center","background-size":"auto","background-attachment":"scroll","background-type":"","background-media":"","overlay-type":"","overlay-color":"","overlay-opacity":"","overlay-gradient":""},"tablet":{"background-color":"","background-image":"","background-repeat":"repeat","background-position":"center center","background-size":"auto","background-attachment":"scroll","background-type":"","background-media":"","overlay-type":"","overlay-color":"","overlay-opacity":"","overlay-gradient":""},"mobile":{"background-color":"","background-image":"","background-repeat":"repeat","background-position":"center center","background-size":"auto","background-attachment":"scroll","background-type":"","background-media":"","overlay-type":"","overlay-color":"","overlay-opacity":"","overlay-gradient":""}},"ast-content-background-meta":{"desktop":{"background-color":"var(--ast-global-color-5)","background-image":"","background-repeat":"repeat","background-position":"center center","background-size":"auto","background-attachment":"scroll","background-type":"","background-media":"","overlay-type":"","overlay-color":"","overlay-opacity":"","overlay-gradient":""},"tablet":{"background-color":"var(--ast-global-color-5)","background-image":"","background-repeat":"repeat","background-position":"center center","background-size":"auto","background-attachment":"scroll","background-type":"","background-media":"","overlay-type":"","overlay-color":"","overlay-opacity":"","overlay-gradient":""},"mobile":{"background-color":"var(--ast-global-color-5)","background-image":"","background-repeat":"repeat","background-position":"center center","background-size":"auto","background-attachment":"scroll","background-type":"","background-media":"","overlay-type":"","overlay-color":"","overlay-opacity":"","overlay-gradient":""}},"footnotes":""},"class_list":["post-4747","page","type-page","status-publish","hentry"],"yoast_head":"<!-- This site is optimized with the Yoast SEO plugin v27.1.1 - https:\/\/yoast.com\/product\/yoast-seo-wordpress\/ -->\n<title>BIKEHOME &#8211; Condiciones generales de contrataci\u00f3n - Motorrad Faltgarage - Made in Germany | BIKEHOME<\/title>\n<meta name=\"robots\" content=\"index, follow, max-snippet:-1, max-image-preview:large, max-video-preview:-1\" \/>\n<link rel=\"canonical\" href=\"https:\/\/www.bikehome.com\/en\/espanol-bikehome-condiciones-generales-de-contratacion\/\" \/>\n<meta property=\"og:locale\" content=\"en_GB\" \/>\n<meta property=\"og:type\" content=\"article\" \/>\n<meta property=\"og:title\" content=\"BIKEHOME &#8211; Condiciones generales de contrataci\u00f3n - Motorrad Faltgarage - Made in Germany | BIKEHOME\" \/>\n<meta property=\"og:description\" content=\"\u00a7 1. Firmante Podemos ser contactados en la siguiente direcci\u00f3n: BIKEHOME e.K. Nackter Weg 10 c D-67311 Tiefenthal e-mail: kontakt@bikehome.com www.bikehome.com Propietario: Stefan Lang N\u00famero de registro comercial: HRA 61432, Amtsgericht Ludwigshafen (Tribunal Regional de Ludwigshafen) VATIN: DE2710080951 \u00a7 2. \u00c1rea de aplicabilidad Estos t\u00e9rminos y condiciones son los t\u00e9rminos y condiciones que se aplican [&hellip;]\" \/>\n<meta property=\"og:url\" content=\"https:\/\/www.bikehome.com\/en\/espanol-bikehome-condiciones-generales-de-contratacion\/\" \/>\n<meta property=\"og:site_name\" content=\"Motorrad Faltgarage - Made in Germany | BIKEHOME\" \/>\n<meta property=\"article:modified_time\" content=\"2023-07-01T13:28:55+00:00\" \/>\n<meta name=\"twitter:card\" content=\"summary_large_image\" \/>\n<meta name=\"twitter:label1\" content=\"Estimated reading time\" \/>\n\t<meta name=\"twitter:data1\" content=\"4 minutes\" \/>\n<script type=\"application\/ld+json\" class=\"yoast-schema-graph\">{\"@context\":\"https:\/\/schema.org\",\"@graph\":[{\"@type\":\"WebPage\",\"@id\":\"https:\/\/www.bikehome.com\/espanol-bikehome-condiciones-generales-de-contratacion\/\",\"url\":\"https:\/\/www.bikehome.com\/espanol-bikehome-condiciones-generales-de-contratacion\/\",\"name\":\"BIKEHOME &#8211; Condiciones generales de contrataci\u00f3n - Motorrad Faltgarage - Made in Germany | BIKEHOME\",\"isPartOf\":{\"@id\":\"https:\/\/www.bikehome.com\/#website\"},\"datePublished\":\"2019-01-03T16:00:11+00:00\",\"dateModified\":\"2023-07-01T13:28:55+00:00\",\"breadcrumb\":{\"@id\":\"https:\/\/www.bikehome.com\/espanol-bikehome-condiciones-generales-de-contratacion\/#breadcrumb\"},\"inLanguage\":\"en-GB\",\"potentialAction\":[{\"@type\":\"ReadAction\",\"target\":[\"https:\/\/www.bikehome.com\/espanol-bikehome-condiciones-generales-de-contratacion\/\"]}]},{\"@type\":\"BreadcrumbList\",\"@id\":\"https:\/\/www.bikehome.com\/espanol-bikehome-condiciones-generales-de-contratacion\/#breadcrumb\",\"itemListElement\":[{\"@type\":\"ListItem\",\"position\":1,\"name\":\"Startseite\",\"item\":\"https:\/\/www.bikehome.com\/\"},{\"@type\":\"ListItem\",\"position\":2,\"name\":\"BIKEHOME &#8211; Condiciones generales de contrataci\u00f3n\"}]},{\"@type\":\"WebSite\",\"@id\":\"https:\/\/www.bikehome.com\/#website\",\"url\":\"https:\/\/www.bikehome.com\/\",\"name\":\"Motorrad Faltgarage - Made in Germany | BIKEHOME\",\"description\":\"\",\"publisher\":{\"@id\":\"https:\/\/www.bikehome.com\/#organization\"},\"potentialAction\":[{\"@type\":\"SearchAction\",\"target\":{\"@type\":\"EntryPoint\",\"urlTemplate\":\"https:\/\/www.bikehome.com\/?s={search_term_string}\"},\"query-input\":{\"@type\":\"PropertyValueSpecification\",\"valueRequired\":true,\"valueName\":\"search_term_string\"}}],\"inLanguage\":\"en-GB\"},{\"@type\":\"Organization\",\"@id\":\"https:\/\/www.bikehome.com\/#organization\",\"name\":\"Motorrad Faltgarage - Made in Germany | BIKEHOME\",\"url\":\"https:\/\/www.bikehome.com\/\",\"logo\":{\"@type\":\"ImageObject\",\"inLanguage\":\"en-GB\",\"@id\":\"https:\/\/www.bikehome.com\/#\/schema\/logo\/image\/\",\"url\":\"https:\/\/www.bikehome.com\/wp-content\/uploads\/2017\/12\/cropped-BIKEHOME-Logo.png\",\"contentUrl\":\"https:\/\/www.bikehome.com\/wp-content\/uploads\/2017\/12\/cropped-BIKEHOME-Logo.png\",\"width\":291,\"height\":53,\"caption\":\"Motorrad Faltgarage - Made in Germany | BIKEHOME\"},\"image\":{\"@id\":\"https:\/\/www.bikehome.com\/#\/schema\/logo\/image\/\"}}]}<\/script>\n<!-- \/ Yoast SEO plugin. -->","yoast_head_json":{"title":"BIKEHOME &#8211; Condiciones generales de contrataci\u00f3n - Motorrad Faltgarage - Made in Germany | BIKEHOME","robots":{"index":"index","follow":"follow","max-snippet":"max-snippet:-1","max-image-preview":"max-image-preview:large","max-video-preview":"max-video-preview:-1"},"canonical":"https:\/\/www.bikehome.com\/en\/espanol-bikehome-condiciones-generales-de-contratacion\/","og_locale":"en_GB","og_type":"article","og_title":"BIKEHOME &#8211; Condiciones generales de contrataci\u00f3n - Motorrad Faltgarage - Made in Germany | BIKEHOME","og_description":"\u00a7 1. Firmante Podemos ser contactados en la siguiente direcci\u00f3n: BIKEHOME e.K. Nackter Weg 10 c D-67311 Tiefenthal e-mail: kontakt@bikehome.com www.bikehome.com Propietario: Stefan Lang N\u00famero de registro comercial: HRA 61432, Amtsgericht Ludwigshafen (Tribunal Regional de Ludwigshafen) VATIN: DE2710080951 \u00a7 2. \u00c1rea de aplicabilidad Estos t\u00e9rminos y condiciones son los t\u00e9rminos y condiciones que se aplican [&hellip;]","og_url":"https:\/\/www.bikehome.com\/en\/espanol-bikehome-condiciones-generales-de-contratacion\/","og_site_name":"Motorrad Faltgarage - Made in Germany | BIKEHOME","article_modified_time":"2023-07-01T13:28:55+00:00","twitter_card":"summary_large_image","twitter_misc":{"Estimated reading time":"4 minutes"},"schema":{"@context":"https:\/\/schema.org","@graph":[{"@type":"WebPage","@id":"https:\/\/www.bikehome.com\/espanol-bikehome-condiciones-generales-de-contratacion\/","url":"https:\/\/www.bikehome.com\/espanol-bikehome-condiciones-generales-de-contratacion\/","name":"BIKEHOME &#8211; Condiciones generales de contrataci\u00f3n - Motorrad Faltgarage - Made in Germany | BIKEHOME","isPartOf":{"@id":"https:\/\/www.bikehome.com\/#website"},"datePublished":"2019-01-03T16:00:11+00:00","dateModified":"2023-07-01T13:28:55+00:00","breadcrumb":{"@id":"https:\/\/www.bikehome.com\/espanol-bikehome-condiciones-generales-de-contratacion\/#breadcrumb"},"inLanguage":"en-GB","potentialAction":[{"@type":"ReadAction","target":["https:\/\/www.bikehome.com\/espanol-bikehome-condiciones-generales-de-contratacion\/"]}]},{"@type":"BreadcrumbList","@id":"https:\/\/www.bikehome.com\/espanol-bikehome-condiciones-generales-de-contratacion\/#breadcrumb","itemListElement":[{"@type":"ListItem","position":1,"name":"Startseite","item":"https:\/\/www.bikehome.com\/"},{"@type":"ListItem","position":2,"name":"BIKEHOME &#8211; Condiciones generales de contrataci\u00f3n"}]},{"@type":"WebSite","@id":"https:\/\/www.bikehome.com\/#website","url":"https:\/\/www.bikehome.com\/","name":"Motorrad Faltgarage - Made in Germany | BIKEHOME","description":"","publisher":{"@id":"https:\/\/www.bikehome.com\/#organization"},"potentialAction":[{"@type":"SearchAction","target":{"@type":"EntryPoint","urlTemplate":"https:\/\/www.bikehome.com\/?s={search_term_string}"},"query-input":{"@type":"PropertyValueSpecification","valueRequired":true,"valueName":"search_term_string"}}],"inLanguage":"en-GB"},{"@type":"Organization","@id":"https:\/\/www.bikehome.com\/#organization","name":"Motorrad Faltgarage - Made in Germany | BIKEHOME","url":"https:\/\/www.bikehome.com\/","logo":{"@type":"ImageObject","inLanguage":"en-GB","@id":"https:\/\/www.bikehome.com\/#\/schema\/logo\/image\/","url":"https:\/\/www.bikehome.com\/wp-content\/uploads\/2017\/12\/cropped-BIKEHOME-Logo.png","contentUrl":"https:\/\/www.bikehome.com\/wp-content\/uploads\/2017\/12\/cropped-BIKEHOME-Logo.png","width":291,"height":53,"caption":"Motorrad Faltgarage - Made in Germany | BIKEHOME"},"image":{"@id":"https:\/\/www.bikehome.com\/#\/schema\/logo\/image\/"}}]}},"_links":{"self":[{"href":"https:\/\/www.bikehome.com\/en\/wp-json\/wp\/v2\/pages\/4747","targetHints":{"allow":["GET"]}}],"collection":[{"href":"https:\/\/www.bikehome.com\/en\/wp-json\/wp\/v2\/pages"}],"about":[{"href":"https:\/\/www.bikehome.com\/en\/wp-json\/wp\/v2\/types\/page"}],"author":[{"embeddable":true,"href":"https:\/\/www.bikehome.com\/en\/wp-json\/wp\/v2\/users\/1"}],"replies":[{"embeddable":true,"href":"https:\/\/www.bikehome.com\/en\/wp-json\/wp\/v2\/comments?post=4747"}],"version-history":[{"count":4,"href":"https:\/\/www.bikehome.com\/en\/wp-json\/wp\/v2\/pages\/4747\/revisions"}],"predecessor-version":[{"id":8325,"href":"https:\/\/www.bikehome.com\/en\/wp-json\/wp\/v2\/pages\/4747\/revisions\/8325"}],"wp:attachment":[{"href":"https:\/\/www.bikehome.com\/en\/wp-json\/wp\/v2\/media?parent=4747"}],"curies":[{"name":"wp","href":"https:\/\/api.w.org\/{rel}","templated":true}]}}